{"id":9567,"date":"2025-02-14T20:41:39","date_gmt":"2025-02-15T01:41:39","guid":{"rendered":"https:\/\/regdevnet.ca\/?page_id=9567"},"modified":"2026-04-09T10:20:39","modified_gmt":"2026-04-09T14:20:39","slug":"strategie-demploi-2","status":"publish","type":"page","link":"https:\/\/regdevnet.ca\/fr\/programmes\/strategie-demploi-2\/","title":{"rendered":"Strat\u00e9gie d\u2019emploi"},"content":{"rendered":"<h2>PROGRAMMES<\/h2>\n<h2>STRAT\u00c9GIE D\u2019EMPLOI 2022\u20132024<\/h2>\n<p>Le programme Strat\u00e9gie d\u2019emploi (\u00ab Faciliter l\u2019acc\u00e8s \u00e0 des services d\u2019emploi pour les Qu\u00e9b\u00e9cois d\u2019expression anglaise \u00bb) aspire \u00e0 r\u00e9soudre les difficult\u00e9s rencontr\u00e9es par les personnes d\u2019expression anglaise, particuli\u00e8rement les jeunes, dans l\u2019int\u00e9gration du march\u00e9 du travail qu\u00e9b\u00e9cois malgr\u00e9 des niveaux de scolarit\u00e9 ad\u00e9quats et des formations professionnelles compl\u00e9t\u00e9es. Cette probl\u00e9matique est en partie due au fait que les membres de ces communaut\u00e9s ne tirent pas pleinement profit des services d\u2019emploi disponibles et que les organismes qui offrent ces services d\u2019emplois ne sont pas toujours en mesure de servir une client\u00e8le anglophone. <\/p>\n<p>Le RDR agit en qualit\u00e9 de fiduciaire pour douze organismes r\u00e9gionaux d\u2019expression anglaise du Qu\u00e9bec. Le RDR g\u00e8re, observe et \u00e9value les projets r\u00e9gionaux, puis en partage les r\u00e9sultats. Le programme Strat\u00e9gie d\u2019emploi a \u00e9t\u00e9 rendu possible gr\u00e2ce au soutien financier  du <a href=\"https:\/\/www.quebec.ca\/gouvernement\/ministeres-et-organismes\/srqea#:~:text=Le%20Secr%C3%A9tariat%2C%20dont%20le%20ministre,les%20minist%C3%A8res%20et%20organismes%20concern%C3%A9s.\" target=\"_blank\" rel=\"noopener\">Secr\u00e9tariat aux relations avec les Qu\u00e9b\u00e9cois d\u2019expression anglaise<\/a>.<\/p>\n<p>\t\t\t\t\t\t\t\t\t\t\t\t\t\t\t<img fetchpriority=\"high\" decoding=\"async\" width=\"862\" height=\"736\" src=\"https:\/\/regdevnet.ca\/wp-content\/uploads\/2023\/08\/Group-33@2x.webp\" alt=\"8 people on a meeting desk, with their laptops\" srcset=\"https:\/\/regdevnet.ca\/wp-content\/uploads\/2023\/08\/Group-33@2x.webp 862w, https:\/\/regdevnet.ca\/wp-content\/uploads\/2023\/08\/Group-33@2x-300x256.webp 300w\" sizes=\"(max-width: 862px) 100vw, 862px\" \/>\t\t\t\t\t\t\t\t\t\t\t\t\t\t\t<\/p>\n<p>Lisez nos derni\u00e8res nouvelles pour en apprendre davantage sur notre travail avec les b\u00e9n\u00e9ficiaires du programme Strat\u00e9gie d\u2019emploi.<\/p>\n<p>\t\t\t\t\t<a href=\"https:\/\/regdevnet.ca\/fr\/nouvelles\/\"><br \/>\n\t\t\t\t<svg aria-hidden=\"true\" viewBox=\"0 0 448 512\" xmlns=\"http:\/\/www.w3.org\/2000\/svg\"><path d=\"M190.5 66.9l22.2-22.2c9.4-9.4 24.6-9.4 33.9 0L441 239c9.4 9.4 9.4 24.6 0 33.9L246.6 467.3c-9.4 9.4-24.6 9.4-33.9 0l-22.2-22.2c-9.5-9.5-9.3-25 .4-34.3L311.4 296H24c-13.3 0-24-10.7-24-24v-32c0-13.3 10.7-24 24-24h287.4L190.9 101.2c-9.8-9.3-10-24.8-.4-34.3z\"><\/path><\/svg><br \/>\n\t\t\t\t\t\t\t\t\tEn savoir plus<br \/>\n\t\t\t\t\t<\/a><\/p>\n","protected":false},"excerpt":{"rendered":"<p>PROGRAMMES STRAT\u00c9GIE D\u2019EMPLOI 2022\u20132024 Le programme Strat\u00e9gie d\u2019emploi (\u00ab Faciliter l\u2019acc\u00e8s \u00e0 des services d\u2019emploi pour les Qu\u00e9b\u00e9cois d\u2019expression anglaise \u00bb) aspire \u00e0 r\u00e9soudre les difficult\u00e9s rencontr\u00e9es par les personnes d\u2019expression anglaise, particuli\u00e8rement les jeunes, dans l\u2019int\u00e9gration du march\u00e9 du travail qu\u00e9b\u00e9cois malgr\u00e9 des niveaux de scolarit\u00e9 ad\u00e9quats et des formations professionnelles compl\u00e9t\u00e9es. Cette probl\u00e9matique <a href=\"https:\/\/regdevnet.ca\/fr\/programmes\/strategie-demploi-2\/\" class=\"more-link\">&#8230;<\/a><\/p>\n","protected":false},"author":5,"featured_media":2432,"parent":2586,"menu_order":0,"comment_status":"closed","ping_status":"closed","template":"","meta":{"_monsterinsights_skip_tracking":false,"_monsterinsights_sitenote_active":false,"_monsterinsights_sitenote_note":"","_monsterinsights_sitenote_category":0,"footnotes":""},"class_list":["post-9567","page","type-page","status-publish","has-post-thumbnail","hentry"],"_links":{"self":[{"href":"https:\/\/regdevnet.ca\/fr\/wp-json\/wp\/v2\/pages\/9567","targetHints":{"allow":["GET"]}}],"collection":[{"href":"https:\/\/regdevnet.ca\/fr\/wp-json\/wp\/v2\/pages"}],"about":[{"href":"https:\/\/regdevnet.ca\/fr\/wp-json\/wp\/v2\/types\/page"}],"author":[{"embeddable":true,"href":"https:\/\/regdevnet.ca\/fr\/wp-json\/wp\/v2\/users\/5"}],"replies":[{"embeddable":true,"href":"https:\/\/regdevnet.ca\/fr\/wp-json\/wp\/v2\/comments?post=9567"}],"version-history":[{"count":1,"href":"https:\/\/regdevnet.ca\/fr\/wp-json\/wp\/v2\/pages\/9567\/revisions"}],"predecessor-version":[{"id":9568,"href":"https:\/\/regdevnet.ca\/fr\/wp-json\/wp\/v2\/pages\/9567\/revisions\/9568"}],"up":[{"embeddable":true,"href":"https:\/\/regdevnet.ca\/fr\/wp-json\/wp\/v2\/pages\/2586"}],"wp:featuredmedia":[{"embeddable":true,"href":"https:\/\/regdevnet.ca\/fr\/wp-json\/wp\/v2\/media\/2432"}],"wp:attachment":[{"href":"https:\/\/regdevnet.ca\/fr\/wp-json\/wp\/v2\/media?parent=9567"}],"curies":[{"name":"wp","href":"https:\/\/api.w.org\/{rel}","templated":true}]}}