{"id":7032,"date":"2023-12-15T15:24:41","date_gmt":"2023-12-15T20:24:41","guid":{"rendered":"https:\/\/staging.see-net.ca\/?page_id=7032"},"modified":"2025-08-04T16:29:24","modified_gmt":"2025-08-04T20:29:24","slug":"renforcer-le-leadership-communautaire","status":"publish","type":"page","link":"https:\/\/regdevnet.ca\/fr\/programmes\/renforcer-le-leadership-communautaire\/","title":{"rendered":"Renforcer le leadership communautaire"},"content":{"rendered":"\t\t<div data-elementor-type=\"wp-page\" data-elementor-id=\"7032\" class=\"elementor elementor-7032 elementor-7031\" data-elementor-post-type=\"page\">\n\t\t\t\t<div class=\"elementor-element elementor-element-261f353 e-flex e-con-boxed e-con e-parent\" data-id=\"261f353\" data-element_type=\"container\" data-e-type=\"container\" data-settings=\"{&quot;background_background&quot;:&quot;classic&quot;}\">\n\t\t\t\t\t<div class=\"e-con-inner\">\n\t\t\t\t<div class=\"elementor-element elementor-element-38247ce elementor-widget elementor-widget-heading\" data-id=\"38247ce\" data-element_type=\"widget\" data-e-type=\"widget\" data-widget_type=\"heading.default\">\n\t\t\t\t<div class=\"elementor-widget-container\">\n\t\t\t\t\t<h2 class=\"elementor-heading-title elementor-size-default\">PROGRAMMES<\/h2>\t\t\t\t<\/div>\n\t\t\t\t<\/div>\n\t\t\t\t\t<\/div>\n\t\t\t\t<\/div>\n\t\t<div class=\"elementor-element elementor-element-053fe4c e-flex e-con-boxed e-con e-parent\" data-id=\"053fe4c\" data-element_type=\"container\" data-e-type=\"container\" data-settings=\"{&quot;background_background&quot;:&quot;classic&quot;}\">\n\t\t\t\t\t<div class=\"e-con-inner\">\n\t\t<div class=\"elementor-element elementor-element-623d191 e-con-full e-flex e-con e-child\" data-id=\"623d191\" data-element_type=\"container\" data-e-type=\"container\" data-settings=\"{&quot;background_background&quot;:&quot;classic&quot;}\">\n\t\t\t\t<div class=\"elementor-element elementor-element-7e03efd elementor-widget elementor-widget-heading\" data-id=\"7e03efd\" data-element_type=\"widget\" data-e-type=\"widget\" data-widget_type=\"heading.default\">\n\t\t\t\t<div class=\"elementor-widget-container\">\n\t\t\t\t\t<h2 class=\"elementor-heading-title elementor-size-default\">RENFORCER LE LEADERSHIP COMMUNAUTAIRE : UNE BO\u00ceTE \u00c0 OUTILS DE SOUTIEN CRITIQUE ET S\u00c9RIE DE FORMATIONS<\/h2>\t\t\t\t<\/div>\n\t\t\t\t<\/div>\n\t\t\t\t<div class=\"elementor-element elementor-element-9a88337 elementor-widget elementor-widget-text-editor\" data-id=\"9a88337\" data-element_type=\"widget\" data-e-type=\"widget\" data-widget_type=\"text-editor.default\">\n\t\t\t\t<div class=\"elementor-widget-container\">\n\t\t\t\t\t\t\t\t\t<p><span class=\"TextRun SCXW229639739 BCX0\" lang=\"EN-US\" xml:lang=\"EN-US\" data-contrast=\"none\"><span class=\"NormalTextRun SCXW229639739 BCX0\">Renforcer le leadership communautaire : une bo\u00eete \u00e0 outils de soutien critique et s\u00e9rie de formations a \u00e9t\u00e9 un projet visant \u00e0 soutenir et \u00e0 renforcer les leaders communautaires actuels et futurs (b\u00e9n\u00e9voles et employ\u00e9s) dans la communaut\u00e9 de langue officielle minoritaire du Qu\u00e9bec. L&rsquo;objectif <\/span><span class=\"NormalTextRun SCXW229639739 BCX0\">a \u00e9t\u00e9<\/span><span class=\"NormalTextRun SCXW229639739 BCX0\"> de d\u00e9velopper leurs connaissances en mati\u00e8re de d\u00e9veloppement du leadership, de planification de la rel\u00e8ve (pour tous les niveaux de personnel et de b\u00e9n\u00e9voles), de recrutement pour le secteur communautaire et de r\u00e9tention des travailleurs. Le projet a inclus la cr\u00e9ation d&rsquo;une s\u00e9rie d&rsquo;ateliers et d&rsquo;une bo\u00eete \u00e0 outils contenant du mat\u00e9riel de formation pour aider les membres \u00e0 r\u00e9pondre \u00e0 ces besoins organisationnels. <\/span><\/span><\/p><p><span class=\"TextRun SCXW229639739 BCX0\" lang=\"EN-US\" xml:lang=\"EN-US\" data-contrast=\"none\"><span class=\"NormalTextRun SCXW229639739 BCX0\">Le projet Renforcer le leadership communautaire a \u00e9t\u00e9 financ\u00e9 par le <a href=\"https:\/\/fr.communityservicesrecoveryfund.ca\/\" target=\"_blank\" rel=\"noopener\">Fonds de relance des services communautaires <\/a>(FRSC) du gouvernement du Canada<\/span><\/span><\/p>\t\t\t\t\t\t\t\t<\/div>\n\t\t\t\t<\/div>\n\t\t\t\t<\/div>\n\t\t<div class=\"elementor-element elementor-element-3841742 e-con-full e-flex e-con e-child\" data-id=\"3841742\" data-element_type=\"container\" data-e-type=\"container\">\n\t\t\t\t<div class=\"elementor-element elementor-element-6cfeac5 elementor-widget elementor-widget-image\" data-id=\"6cfeac5\" data-element_type=\"widget\" data-e-type=\"widget\" data-widget_type=\"image.default\">\n\t\t\t\t<div class=\"elementor-widget-container\">\n\t\t\t\t\t\t\t\t\t\t\t\t\t\t\t<img fetchpriority=\"high\" decoding=\"async\" width=\"862\" height=\"736\" src=\"https:\/\/regdevnet.ca\/wp-content\/uploads\/2023\/08\/Group-33@2x.webp\" class=\"attachment-large size-large wp-image-1171\" alt=\"8 people on a meeting desk, with their laptops\" srcset=\"https:\/\/regdevnet.ca\/wp-content\/uploads\/2023\/08\/Group-33@2x.webp 862w, https:\/\/regdevnet.ca\/wp-content\/uploads\/2023\/08\/Group-33@2x-300x256.webp 300w\" sizes=\"(max-width: 862px) 100vw, 862px\" \/>\t\t\t\t\t\t\t\t\t\t\t\t\t\t\t<\/div>\n\t\t\t\t<\/div>\n\t\t\t\t<\/div>\n\t\t\t\t\t<\/div>\n\t\t\t\t<\/div>\n\t\t<div class=\"elementor-element elementor-element-6ba6f89 e-flex e-con-boxed e-con e-parent\" data-id=\"6ba6f89\" data-element_type=\"container\" data-e-type=\"container\">\n\t\t\t\t\t<div class=\"e-con-inner\">\n\t\t<div class=\"elementor-element elementor-element-3e15def e-con-full e-flex e-con e-child\" data-id=\"3e15def\" data-element_type=\"container\" data-e-type=\"container\">\n\t\t\t\t<\/div>\n\t\t<div class=\"elementor-element elementor-element-968c5e0 e-con-full e-flex e-con e-child\" data-id=\"968c5e0\" data-element_type=\"container\" data-e-type=\"container\">\n\t\t\t\t<div class=\"elementor-element elementor-element-9cb70e8 elementor-widget__width-inherit elementor-widget elementor-widget-image\" data-id=\"9cb70e8\" data-element_type=\"widget\" data-e-type=\"widget\" data-widget_type=\"image.default\">\n\t\t\t\t<div class=\"elementor-widget-container\">\n\t\t\t\t\t\t\t\t\t\t\t\t<figure class=\"wp-caption\">\n\t\t\t\t\t\t\t\t\t\t\t<a href=\"https:\/\/fr.communityservicesrecoveryfund.ca\/\" target=\"_blank\" rel=\"nofollow\">\n\t\t\t\t\t\t\t<img decoding=\"async\" width=\"1230\" height=\"187\" src=\"https:\/\/regdevnet.ca\/wp-content\/uploads\/2023\/12\/Funded-by-CSRF-EN.png\" class=\"attachment-full size-full wp-image-7254\" alt=\"\" srcset=\"https:\/\/regdevnet.ca\/wp-content\/uploads\/2023\/12\/Funded-by-CSRF-EN.png 1230w, https:\/\/regdevnet.ca\/wp-content\/uploads\/2023\/12\/Funded-by-CSRF-EN-300x46.png 300w, https:\/\/regdevnet.ca\/wp-content\/uploads\/2023\/12\/Funded-by-CSRF-EN-1024x156.png 1024w\" sizes=\"(max-width: 1230px) 100vw, 1230px\" \/>\t\t\t\t\t\t\t\t<\/a>\n\t\t\t\t\t\t\t\t\t\t\t<figcaption class=\"widget-image-caption wp-caption-text\"><\/figcaption>\n\t\t\t\t\t\t\t\t\t\t<\/figure>\n\t\t\t\t\t\t\t\t\t<\/div>\n\t\t\t\t<\/div>\n\t\t\t\t<\/div>\n\t\t<div class=\"elementor-element elementor-element-5398871 e-con-full e-flex e-con e-child\" data-id=\"5398871\" data-element_type=\"container\" data-e-type=\"container\">\n\t\t\t\t<\/div>\n\t\t\t\t\t<\/div>\n\t\t\t\t<\/div>\n\t\t\t\t<\/div>\n\t\t","protected":false},"excerpt":{"rendered":"<p>PROGRAMMES RENFORCER LE LEADERSHIP COMMUNAUTAIRE : UNE BO\u00ceTE \u00c0 OUTILS DE SOUTIEN CRITIQUE ET S\u00c9RIE DE FORMATIONS Renforcer le leadership communautaire : une bo\u00eete \u00e0 outils de soutien critique et s\u00e9rie de formations a \u00e9t\u00e9 un projet visant \u00e0 soutenir et \u00e0 renforcer les leaders communautaires actuels et futurs (b\u00e9n\u00e9voles et employ\u00e9s) dans la communaut\u00e9 <a href=\"https:\/\/regdevnet.ca\/fr\/programmes\/renforcer-le-leadership-communautaire\/\" class=\"more-link\">&#8230;<\/a><\/p>\n","protected":false},"author":5,"featured_media":1965,"parent":2586,"menu_order":0,"comment_status":"closed","ping_status":"closed","template":"","meta":{"_monsterinsights_skip_tracking":false,"_monsterinsights_sitenote_active":false,"_monsterinsights_sitenote_note":"","_monsterinsights_sitenote_category":0,"footnotes":""},"class_list":["post-7032","page","type-page","status-publish","has-post-thumbnail","hentry"],"_links":{"self":[{"href":"https:\/\/regdevnet.ca\/fr\/wp-json\/wp\/v2\/pages\/7032","targetHints":{"allow":["GET"]}}],"collection":[{"href":"https:\/\/regdevnet.ca\/fr\/wp-json\/wp\/v2\/pages"}],"about":[{"href":"https:\/\/regdevnet.ca\/fr\/wp-json\/wp\/v2\/types\/page"}],"author":[{"embeddable":true,"href":"https:\/\/regdevnet.ca\/fr\/wp-json\/wp\/v2\/users\/5"}],"replies":[{"embeddable":true,"href":"https:\/\/regdevnet.ca\/fr\/wp-json\/wp\/v2\/comments?post=7032"}],"version-history":[{"count":21,"href":"https:\/\/regdevnet.ca\/fr\/wp-json\/wp\/v2\/pages\/7032\/revisions"}],"predecessor-version":[{"id":10914,"href":"https:\/\/regdevnet.ca\/fr\/wp-json\/wp\/v2\/pages\/7032\/revisions\/10914"}],"up":[{"embeddable":true,"href":"https:\/\/regdevnet.ca\/fr\/wp-json\/wp\/v2\/pages\/2586"}],"wp:featuredmedia":[{"embeddable":true,"href":"https:\/\/regdevnet.ca\/fr\/wp-json\/wp\/v2\/media\/1965"}],"wp:attachment":[{"href":"https:\/\/regdevnet.ca\/fr\/wp-json\/wp\/v2\/media?parent=7032"}],"curies":[{"name":"wp","href":"https:\/\/api.w.org\/{rel}","templated":true}]}}