{"id":2659,"date":"2023-07-31T13:24:38","date_gmt":"2023-07-31T17:24:38","guid":{"rendered":"https:\/\/staging.see-net.ca\/programmes\/renforcer-la-capacite-des-organismes-communautaires-regionaux\/"},"modified":"2026-04-09T10:20:10","modified_gmt":"2026-04-09T14:20:10","slug":"renforcer-la-capacite-des-organismes-communautaires-regionaux","status":"publish","type":"page","link":"https:\/\/regdevnet.ca\/fr\/programmes\/renforcer-la-capacite-des-organismes-communautaires-regionaux\/","title":{"rendered":"Renforcer la capacit\u00e9 des organismes communautaires r\u00e9gionaux"},"content":{"rendered":"\t\t<div data-elementor-type=\"wp-page\" data-elementor-id=\"2659\" class=\"elementor elementor-2659 elementor-527\" data-elementor-post-type=\"page\">\n\t\t\t\t<div class=\"elementor-element elementor-element-d9afccf e-flex e-con-boxed e-con e-parent\" data-id=\"d9afccf\" data-element_type=\"container\" data-e-type=\"container\" data-settings=\"{&quot;background_background&quot;:&quot;classic&quot;}\">\n\t\t\t\t\t<div class=\"e-con-inner\">\n\t\t\t\t<div class=\"elementor-element elementor-element-5115ea6 elementor-widget elementor-widget-heading\" data-id=\"5115ea6\" data-element_type=\"widget\" data-e-type=\"widget\" data-widget_type=\"heading.default\">\n\t\t\t\t<div class=\"elementor-widget-container\">\n\t\t\t\t\t<h2 class=\"elementor-heading-title elementor-size-default\">PROGRAMMES<\/h2>\t\t\t\t<\/div>\n\t\t\t\t<\/div>\n\t\t\t\t\t<\/div>\n\t\t\t\t<\/div>\n\t\t<div class=\"elementor-element elementor-element-053fe4c e-flex e-con-boxed e-con e-parent\" data-id=\"053fe4c\" data-element_type=\"container\" data-e-type=\"container\" data-settings=\"{&quot;background_background&quot;:&quot;classic&quot;}\">\n\t\t\t\t\t<div class=\"e-con-inner\">\n\t\t<div class=\"elementor-element elementor-element-623d191 e-con-full e-flex e-con e-child\" data-id=\"623d191\" data-element_type=\"container\" data-e-type=\"container\" data-settings=\"{&quot;background_background&quot;:&quot;classic&quot;}\">\n\t\t\t\t<div class=\"elementor-element elementor-element-7e03efd elementor-widget elementor-widget-heading\" data-id=\"7e03efd\" data-element_type=\"widget\" data-e-type=\"widget\" data-widget_type=\"heading.default\">\n\t\t\t\t<div class=\"elementor-widget-container\">\n\t\t\t\t\t<h2 class=\"elementor-heading-title elementor-size-default\">RENFORCER LA CAPACIT\u00c9 DES ORGANISMES COMMUNAUTAIRES R\u00c9GIONAUX<\/h2>\t\t\t\t<\/div>\n\t\t\t\t<\/div>\n\t\t\t\t<div class=\"elementor-element elementor-element-9a88337 elementor-widget elementor-widget-text-editor\" data-id=\"9a88337\" data-element_type=\"widget\" data-e-type=\"widget\" data-widget_type=\"text-editor.default\">\n\t\t\t\t<div class=\"elementor-widget-container\">\n\t\t\t\t\t\t\t\t\t<p><span style=\"font-weight: 400;\">L\u2019initiative phase 2 de Renforcer la capacit\u00e9 des organismes communautaires r\u00e9gionaux (ERCC) a pour objectifs de prolonger les mandats des organismes communautaires r\u00e9gionaux d\u2019expression anglaise, de couvrir un territoire plus vaste gr\u00e2ce \u00e0 la cr\u00e9ation de bureaux satellites, de renforcer les capacit\u00e9s et de d\u00e9velopper des relations avec les entit\u00e9s gouvernementales et avec les individus cl\u00e9s de la communaut\u00e9 d\u2019expression fran\u00e7aise. <\/span><\/p><p><span style=\"font-weight: 400;\">Le RDR soutient les organismes b\u00e9n\u00e9ficiaires du programme ERCC par une assistance en gestion de projet, un d\u00e9veloppement organisationnel, de la formation et du r\u00e9seautage. Le RDR travaille en collaboration avec le <a href=\"https:\/\/www.quebec.ca\/gouvernement\/ministeres-organismes\/srqea\" target=\"_blank\" rel=\"noopener\">Secr\u00e9tariat aux relations avec les Qu\u00e9b\u00e9cois d\u2019expression anglaise<\/a> afin d\u2019\u00e9tablir des relations strat\u00e9giques entre les organismes b\u00e9n\u00e9ficiaires et les acteurs gouvernementaux. <\/span><\/p>\t\t\t\t\t\t\t\t<\/div>\n\t\t\t\t<\/div>\n\t\t\t\t<\/div>\n\t\t<div class=\"elementor-element elementor-element-3841742 e-con-full e-flex e-con e-child\" data-id=\"3841742\" data-element_type=\"container\" data-e-type=\"container\">\n\t\t\t\t<div class=\"elementor-element elementor-element-6cfeac5 elementor-widget elementor-widget-image\" data-id=\"6cfeac5\" data-element_type=\"widget\" data-e-type=\"widget\" data-widget_type=\"image.default\">\n\t\t\t\t<div class=\"elementor-widget-container\">\n\t\t\t\t\t\t\t\t\t\t\t\t\t\t\t<img fetchpriority=\"high\" decoding=\"async\" width=\"862\" height=\"736\" src=\"https:\/\/regdevnet.ca\/wp-content\/uploads\/2023\/08\/Group-33@2x.webp\" class=\"attachment-large size-large wp-image-1171\" alt=\"8 people on a meeting desk, with their laptops\" srcset=\"https:\/\/regdevnet.ca\/wp-content\/uploads\/2023\/08\/Group-33@2x.webp 862w, https:\/\/regdevnet.ca\/wp-content\/uploads\/2023\/08\/Group-33@2x-300x256.webp 300w\" sizes=\"(max-width: 862px) 100vw, 862px\" \/>\t\t\t\t\t\t\t\t\t\t\t\t\t\t\t<\/div>\n\t\t\t\t<\/div>\n\t\t\t\t<\/div>\n\t\t\t\t\t<\/div>\n\t\t\t\t<\/div>\n\t\t<div class=\"elementor-element elementor-element-060a060 e-flex e-con-boxed e-con e-parent\" data-id=\"060a060\" data-element_type=\"container\" data-e-type=\"container\" data-settings=\"{&quot;background_background&quot;:&quot;classic&quot;,&quot;background_motion_fx_motion_fx_mouse&quot;:&quot;yes&quot;}\">\n\t\t\t\t\t<div class=\"e-con-inner\">\n\t\t\t\t<div class=\"elementor-element elementor-element-20c8f93 elementor-widget elementor-widget-text-editor\" data-id=\"20c8f93\" data-element_type=\"widget\" data-e-type=\"widget\" data-widget_type=\"text-editor.default\">\n\t\t\t\t<div class=\"elementor-widget-container\">\n\t\t\t\t\t\t\t\t\t<p><span style=\"font-weight: 400;\">Lisez nos derni\u00e8res nouvelles pour en apprendre davantage sur le travail que nous effectuons aupr\u00e8s des b\u00e9n\u00e9ficiaires du programme ERCC.<\/span><\/p>\n\t\t\t\t\t\t\t\t<\/div>\n\t\t\t\t<\/div>\n\t\t\t\t<div class=\"elementor-element elementor-element-e17f93a elementor-widget elementor-widget-button\" data-id=\"e17f93a\" data-element_type=\"widget\" data-e-type=\"widget\" data-widget_type=\"button.default\">\n\t\t\t\t<div class=\"elementor-widget-container\">\n\t\t\t\t\t\t\t\t\t<div class=\"elementor-button-wrapper\">\n\t\t\t\t\t<a class=\"elementor-button elementor-button-link elementor-size-sm\" href=\"https:\/\/regdevnet.ca\/fr\/nouvelles\/\">\n\t\t\t\t\t\t<span class=\"elementor-button-content-wrapper\">\n\t\t\t\t\t\t<span class=\"elementor-button-icon\">\n\t\t\t\t<i aria-hidden=\"true\" class=\"fas fa-arrow-right\"><\/i>\t\t\t<\/span>\n\t\t\t\t\t\t\t\t\t<span class=\"elementor-button-text\">En savoir plus<\/span>\n\t\t\t\t\t<\/span>\n\t\t\t\t\t<\/a>\n\t\t\t\t<\/div>\n\t\t\t\t\t\t\t\t<\/div>\n\t\t\t\t<\/div>\n\t\t\t\t\t<\/div>\n\t\t\t\t<\/div>\n\t\t\t\t<\/div>\n\t\t","protected":false},"excerpt":{"rendered":"<p>PROGRAMMES RENFORCER LA CAPACIT\u00c9 DES ORGANISMES COMMUNAUTAIRES R\u00c9GIONAUX L\u2019initiative phase 2 de Renforcer la capacit\u00e9 des organismes communautaires r\u00e9gionaux (ERCC) a pour objectifs de prolonger les mandats des organismes communautaires r\u00e9gionaux d\u2019expression anglaise, de couvrir un territoire plus vaste gr\u00e2ce \u00e0 la cr\u00e9ation de bureaux satellites, de renforcer les capacit\u00e9s et de d\u00e9velopper des relations <a href=\"https:\/\/regdevnet.ca\/fr\/programmes\/renforcer-la-capacite-des-organismes-communautaires-regionaux\/\" class=\"more-link\">&#8230;<\/a><\/p>\n","protected":false},"author":5,"featured_media":2432,"parent":2586,"menu_order":0,"comment_status":"closed","ping_status":"closed","template":"","meta":{"_monsterinsights_skip_tracking":false,"_monsterinsights_sitenote_active":false,"_monsterinsights_sitenote_note":"","_monsterinsights_sitenote_category":0,"footnotes":""},"class_list":["post-2659","page","type-page","status-publish","has-post-thumbnail","hentry"],"_links":{"self":[{"href":"https:\/\/regdevnet.ca\/fr\/wp-json\/wp\/v2\/pages\/2659","targetHints":{"allow":["GET"]}}],"collection":[{"href":"https:\/\/regdevnet.ca\/fr\/wp-json\/wp\/v2\/pages"}],"about":[{"href":"https:\/\/regdevnet.ca\/fr\/wp-json\/wp\/v2\/types\/page"}],"author":[{"embeddable":true,"href":"https:\/\/regdevnet.ca\/fr\/wp-json\/wp\/v2\/users\/5"}],"replies":[{"embeddable":true,"href":"https:\/\/regdevnet.ca\/fr\/wp-json\/wp\/v2\/comments?post=2659"}],"version-history":[{"count":26,"href":"https:\/\/regdevnet.ca\/fr\/wp-json\/wp\/v2\/pages\/2659\/revisions"}],"predecessor-version":[{"id":11735,"href":"https:\/\/regdevnet.ca\/fr\/wp-json\/wp\/v2\/pages\/2659\/revisions\/11735"}],"up":[{"embeddable":true,"href":"https:\/\/regdevnet.ca\/fr\/wp-json\/wp\/v2\/pages\/2586"}],"wp:featuredmedia":[{"embeddable":true,"href":"https:\/\/regdevnet.ca\/fr\/wp-json\/wp\/v2\/media\/2432"}],"wp:attachment":[{"href":"https:\/\/regdevnet.ca\/fr\/wp-json\/wp\/v2\/media?parent=2659"}],"curies":[{"name":"wp","href":"https:\/\/api.w.org\/{rel}","templated":true}]}}