{"id":2636,"date":"2023-08-01T17:05:24","date_gmt":"2023-08-01T21:05:24","guid":{"rendered":"https:\/\/staging.see-net.ca\/contactez\/"},"modified":"2026-04-09T10:13:22","modified_gmt":"2026-04-09T14:13:22","slug":"nous-joindre","status":"publish","type":"page","link":"https:\/\/regdevnet.ca\/fr\/nous-joindre\/","title":{"rendered":"Nous Joindre"},"content":{"rendered":"\t\t<div data-elementor-type=\"wp-page\" data-elementor-id=\"2636\" class=\"elementor elementor-2636 elementor-658\" data-elementor-post-type=\"page\">\n\t\t\t\t<div class=\"elementor-element elementor-element-a8525b2 e-flex e-con-boxed e-con e-parent\" data-id=\"a8525b2\" data-element_type=\"container\" data-e-type=\"container\" data-settings=\"{&quot;background_background&quot;:&quot;classic&quot;}\">\n\t\t\t\t\t<div class=\"e-con-inner\">\n\t\t\t\t<div class=\"elementor-element elementor-element-a43257b elementor-widget elementor-widget-heading\" data-id=\"a43257b\" data-element_type=\"widget\" data-e-type=\"widget\" data-widget_type=\"heading.default\">\n\t\t\t\t<div class=\"elementor-widget-container\">\n\t\t\t\t\t<h2 class=\"elementor-heading-title elementor-size-default\">NOUS JOINDRE<\/h2>\t\t\t\t<\/div>\n\t\t\t\t<\/div>\n\t\t\t\t\t<\/div>\n\t\t\t\t<\/div>\n\t\t<div class=\"elementor-element elementor-element-aadacf0 e-flex e-con-boxed e-con e-parent\" data-id=\"aadacf0\" data-element_type=\"container\" data-e-type=\"container\" data-settings=\"{&quot;background_background&quot;:&quot;classic&quot;}\">\n\t\t\t\t\t<div class=\"e-con-inner\">\n\t\t<div class=\"elementor-element elementor-element-24294a9 e-con-full e-flex e-con e-child\" data-id=\"24294a9\" data-element_type=\"container\" data-e-type=\"container\" data-settings=\"{&quot;background_background&quot;:&quot;classic&quot;}\">\n\t\t\t\t<div class=\"elementor-element elementor-element-fe51037 elementor-widget elementor-widget-heading\" data-id=\"fe51037\" data-element_type=\"widget\" data-e-type=\"widget\" data-widget_type=\"heading.default\">\n\t\t\t\t<div class=\"elementor-widget-container\">\n\t\t\t\t\t<h2 class=\"elementor-heading-title elementor-size-default\">CONTACTEZ LE RDR<\/h2>\t\t\t\t<\/div>\n\t\t\t\t<\/div>\n\t\t\t\t<div class=\"elementor-element elementor-element-87ac053 elementor-widget elementor-widget-text-editor\" data-id=\"87ac053\" data-element_type=\"widget\" data-e-type=\"widget\" data-widget_type=\"text-editor.default\">\n\t\t\t\t<div class=\"elementor-widget-container\">\n\t\t\t\t\t\t\t\t\t<p>Contactez-nous pour apprendre comment le RDR travaille collaborativement au d\u00e9veloppement socio-\u00e9conomique de la communaut\u00e9 d\u2019expression anglaise. Nous travaillons en collaboration avec nos organismes membres dans l\u2019objectif d\u2019am\u00e9liorer et de maintenir la vitalit\u00e9 des communaut\u00e9s d\u2019expression anglaise du Qu\u00e9bec. <\/p>\n\t\t\t\t\t\t\t\t<\/div>\n\t\t\t\t<\/div>\n\t\t\t\t<\/div>\n\t\t<div class=\"elementor-element elementor-element-086f181 e-con-full e-flex e-con e-child\" data-id=\"086f181\" data-element_type=\"container\" data-e-type=\"container\">\n\t\t\t\t<div class=\"elementor-element elementor-element-ed73430 elementor-widget elementor-widget-image\" data-id=\"ed73430\" data-element_type=\"widget\" data-e-type=\"widget\" data-widget_type=\"image.default\">\n\t\t\t\t<div class=\"elementor-widget-container\">\n\t\t\t\t\t\t\t\t\t\t\t\t\t\t\t<img fetchpriority=\"high\" decoding=\"async\" width=\"1024\" height=\"559\" src=\"https:\/\/regdevnet.ca\/wp-content\/uploads\/2023\/08\/contact-1024x559.webp\" class=\"attachment-large size-large wp-image-1176\" alt=\"Hand of someone typing on a macbook\" srcset=\"https:\/\/regdevnet.ca\/wp-content\/uploads\/2023\/08\/contact-1024x559.webp 1024w, https:\/\/regdevnet.ca\/wp-content\/uploads\/2023\/08\/contact-300x164.webp 300w, https:\/\/regdevnet.ca\/wp-content\/uploads\/2023\/08\/contact.webp 1034w\" sizes=\"(max-width: 1024px) 100vw, 1024px\" \/>\t\t\t\t\t\t\t\t\t\t\t\t\t\t\t<\/div>\n\t\t\t\t<\/div>\n\t\t\t\t<\/div>\n\t\t\t\t\t<\/div>\n\t\t\t\t<\/div>\n\t\t<div class=\"elementor-element elementor-element-e34b427 e-con-full e-flex e-con e-parent\" data-id=\"e34b427\" data-element_type=\"container\" data-e-type=\"container\">\n\t\t<div class=\"elementor-element elementor-element-fe3173d e-con-full e-flex e-con e-child\" data-id=\"fe3173d\" data-element_type=\"container\" data-e-type=\"container\">\n\t\t<div class=\"elementor-element elementor-element-688541c left-content e-flex e-con-boxed e-con e-child\" data-id=\"688541c\" data-element_type=\"container\" data-e-type=\"container\">\n\t\t\t\t\t<div class=\"e-con-inner\">\n\t\t<div class=\"elementor-element elementor-element-b0a025a e-con-full e-flex e-con e-child\" data-id=\"b0a025a\" data-element_type=\"container\" data-e-type=\"container\">\n\t\t\t\t<div class=\"elementor-element elementor-element-d920def elementor-widget elementor-widget-text-editor\" data-id=\"d920def\" data-element_type=\"widget\" data-e-type=\"widget\" data-widget_type=\"text-editor.default\">\n\t\t\t\t<div class=\"elementor-widget-container\">\n\t\t\t\t\t\t\t\t\t<p>1135, Grande All\u00e9e Ouest<\/p>\n<p>Suite 180<\/p>\n<p>Qu\u00e9bec, QC G1S 1E7<\/p>\n\t\t\t\t\t\t\t\t<\/div>\n\t\t\t\t<\/div>\n\t\t\t\t<div class=\"elementor-element elementor-element-977e9cf elementor-icon-list--layout-traditional elementor-list-item-link-full_width elementor-widget elementor-widget-icon-list\" data-id=\"977e9cf\" data-element_type=\"widget\" data-e-type=\"widget\" data-widget_type=\"icon-list.default\">\n\t\t\t\t<div class=\"elementor-widget-container\">\n\t\t\t\t\t\t\t<ul class=\"elementor-icon-list-items\">\n\t\t\t\t\t\t\t<li class=\"elementor-icon-list-item\">\n\t\t\t\t\t\t\t\t\t\t\t<a href=\"tel:14186848810\">\n\n\t\t\t\t\t\t\t\t\t\t\t\t<span class=\"elementor-icon-list-icon\">\n\t\t\t\t\t\t\t<svg xmlns=\"http:\/\/www.w3.org\/2000\/svg\" xmlns:xlink=\"http:\/\/www.w3.org\/1999\/xlink\" id=\"Group_41\" data-name=\"Group 41\" width=\"15.779\" height=\"22.548\" viewBox=\"0 0 15.779 22.548\"><defs><clipPath id=\"clip-path\"><rect id=\"Rectangle_3101\" data-name=\"Rectangle 3101\" width=\"15.779\" height=\"22.548\" fill=\"#a38251\"><\/rect><\/clipPath><\/defs><g id=\"Group_40\" data-name=\"Group 40\" clip-path=\"url(#clip-path)\"><path id=\"Path_479\" data-name=\"Path 479\" d=\"M3.338,0h9.1a3.341,3.341,0,0,1,3.338,3.338V19.211a3.341,3.341,0,0,1-3.338,3.338h-9.1A3.341,3.341,0,0,1,0,19.211V3.338A3.342,3.342,0,0,1,3.338,0m9.1,1.54h-9.1a1.8,1.8,0,0,0-1.8,1.8V16.055h12.7V3.338a1.8,1.8,0,0,0-1.8-1.8m-9.1,19.468h9.1a1.8,1.8,0,0,0,1.8-1.8V17.595H1.54v1.616a1.8,1.8,0,0,0,1.8,1.8\" fill=\"#a38251\" fill-rule=\"evenodd\"><\/path><path id=\"Path_480\" data-name=\"Path 480\" d=\"M65.608,26.188a1.263,1.263,0,1,1,1.263-1.263,1.262,1.262,0,0,1-1.263,1.263\" transform=\"translate(-57.508 -21.149)\" fill=\"#a38251\" fill-rule=\"evenodd\"><\/path><path id=\"Path_481\" data-name=\"Path 481\" d=\"M69.493,172.85a.8.8,0,1,1-.8.8.8.8,0,0,1,.8-.8\" transform=\"translate(-61.393 -154.482)\" fill=\"#a38251\" fill-rule=\"evenodd\"><\/path><\/g><\/svg>\t\t\t\t\t\t<\/span>\n\t\t\t\t\t\t\t\t\t\t<span class=\"elementor-icon-list-text\">+1 418-684-8810<\/span>\n\t\t\t\t\t\t\t\t\t\t\t<\/a>\n\t\t\t\t\t\t\t\t\t<\/li>\n\t\t\t\t\t\t\t\t<li class=\"elementor-icon-list-item\">\n\t\t\t\t\t\t\t\t\t\t\t<a href=\"mailto:info@regdevnet.ca\">\n\n\t\t\t\t\t\t\t\t\t\t\t\t<span class=\"elementor-icon-list-icon\">\n\t\t\t\t\t\t\t<svg xmlns=\"http:\/\/www.w3.org\/2000\/svg\" xmlns:xlink=\"http:\/\/www.w3.org\/1999\/xlink\" id=\"Group_43\" data-name=\"Group 43\" width=\"24.249\" height=\"19.049\" viewBox=\"0 0 24.249 19.049\"><defs><rect id=\"Rectangle_3102\" data-name=\"Rectangle 3102\" width=\"24.249\" height=\"19.049\" fill=\"#a38251\"><\/rect><\/defs><g id=\"Group_42\" data-name=\"Group 42\"><path id=\"Path_482\" data-name=\"Path 482\" d=\"M3.5,0H20.748a3.5,3.5,0,0,1,3.5,3.5V15.548a3.5,3.5,0,0,1-3.5,3.5H3.5a3.5,3.5,0,0,1-3.5-3.5V3.5A3.5,3.5,0,0,1,3.5,0m0,1.674a1.834,1.834,0,0,0-.415.049l7.276,8.257a2.35,2.35,0,0,0,3.527,0l7.277-8.257a1.822,1.822,0,0,0-.416-.049ZM1.674,15.548A1.829,1.829,0,0,0,3.5,17.376H20.748a1.829,1.829,0,0,0,1.827-1.827V3.5a1.811,1.811,0,0,0-.137-.692l-7.3,8.278a4.022,4.022,0,0,1-6.037,0l-7.3-8.278a1.817,1.817,0,0,0-.137.692Z\" fill=\"#a38251\" fill-rule=\"evenodd\"><\/path><\/g><\/svg>\t\t\t\t\t\t<\/span>\n\t\t\t\t\t\t\t\t\t\t<span class=\"elementor-icon-list-text\"> info@regdevnet.ca<\/span>\n\t\t\t\t\t\t\t\t\t\t\t<\/a>\n\t\t\t\t\t\t\t\t\t<\/li>\n\t\t\t\t\t\t<\/ul>\n\t\t\t\t\t\t<\/div>\n\t\t\t\t<\/div>\n\t\t\t\t<\/div>\n\t\t<div class=\"elementor-element elementor-element-a4a84cf e-con-full e-flex e-con e-child\" data-id=\"a4a84cf\" data-element_type=\"container\" data-e-type=\"container\">\n\t\t\t\t<div class=\"elementor-element elementor-element-7503d51 elementor-button-align-stretch elementor-widget elementor-widget-form\" data-id=\"7503d51\" data-element_type=\"widget\" data-e-type=\"widget\" data-settings=\"{&quot;button_width&quot;:&quot;30&quot;,&quot;step_next_label&quot;:&quot;Avant&quot;,&quot;step_previous_label&quot;:&quot;Reculer&quot;,&quot;step_type&quot;:&quot;number_text&quot;,&quot;step_icon_shape&quot;:&quot;circle&quot;}\" data-widget_type=\"form.default\">\n\t\t\t\t<div class=\"elementor-widget-container\">\n\t\t\t\t\t\t\t<form class=\"elementor-form\" method=\"post\" name=\"Nous Joindre\" aria-label=\"Nous Joindre\">\n\t\t\t<input type=\"hidden\" name=\"post_id\" value=\"2636\"\/>\n\t\t\t<input type=\"hidden\" name=\"form_id\" value=\"7503d51\"\/>\n\t\t\t<input type=\"hidden\" name=\"referer_title\" value=\"Nous Joindre - RDN \u2013 Regional Development Network\" \/>\n\n\t\t\t\t\t\t\t<input type=\"hidden\" name=\"queried_id\" value=\"2636\"\/>\n\t\t\t\n\t\t\t<div class=\"elementor-form-fields-wrapper elementor-labels-above\">\n\t\t\t\t\t\t\t\t<div class=\"elementor-field-type-text elementor-field-group elementor-column elementor-field-group-name elementor-col-100\">\n\t\t\t\t\t\t\t\t\t\t\t\t\t<input size=\"1\" type=\"text\" name=\"form_fields[name]\" id=\"form-field-name\" class=\"elementor-field elementor-size-sm  elementor-field-textual\" placeholder=\"Nom\">\n\t\t\t\t\t\t\t\t\t\t\t<\/div>\n\t\t\t\t\t\t\t\t<div class=\"elementor-field-type-email elementor-field-group elementor-column elementor-field-group-email elementor-col-100 elementor-field-required\">\n\t\t\t\t\t\t\t\t\t\t\t\t\t<input size=\"1\" type=\"email\" name=\"form_fields[email]\" id=\"form-field-email\" class=\"elementor-field elementor-size-sm  elementor-field-textual\" placeholder=\"Adresse courriel\" required=\"required\">\n\t\t\t\t\t\t\t\t\t\t\t<\/div>\n\t\t\t\t\t\t\t\t<div class=\"elementor-field-type-textarea elementor-field-group elementor-column elementor-field-group-message elementor-col-100\">\n\t\t\t\t\t<textarea class=\"elementor-field-textual elementor-field  elementor-size-sm\" name=\"form_fields[message]\" id=\"form-field-message\" rows=\"8\" placeholder=\"Message\"><\/textarea>\t\t\t\t<\/div>\n\t\t\t\t\t\t\t\t<div class=\"elementor-field-type-recaptcha_v3 elementor-field-group elementor-column elementor-field-group-field_66e18be elementor-col-100 recaptcha_v3-bottomright\">\n\t\t\t\t\t<div class=\"elementor-field\" id=\"form-field-field_66e18be\"><div class=\"elementor-g-recaptcha\" data-sitekey=\"6Le1784pAAAAABej0zBYCfOmdhCtkJu218aSsmmc\" data-type=\"v3\" data-action=\"Form\" data-badge=\"bottomright\" data-size=\"invisible\"><\/div><\/div>\t\t\t\t<\/div>\n\t\t\t\t\t\t\t\t<div class=\"elementor-field-type-text\">\n\t\t\t\t\t<input size=\"1\" type=\"text\" name=\"form_fields[field_d517c63]\" id=\"form-field-field_d517c63\" class=\"elementor-field elementor-size-sm \" style=\"display:none !important;\">\t\t\t\t<\/div>\n\t\t\t\t\t\t\t\t<div class=\"elementor-field-group elementor-column elementor-field-type-submit elementor-col-30 e-form__buttons\">\n\t\t\t\t\t<button class=\"elementor-button elementor-size-sm\" type=\"submit\">\n\t\t\t\t\t\t<span class=\"elementor-button-content-wrapper\">\n\t\t\t\t\t\t\t\t\t\t\t\t\t\t\t\t\t\t\t\t\t\t<span class=\"elementor-button-text\">Soumettre<\/span>\n\t\t\t\t\t\t\t\t\t\t\t\t\t<\/span>\n\t\t\t\t\t<\/button>\n\t\t\t\t<\/div>\n\t\t\t<\/div>\n\t\t<\/form>\n\t\t\t\t\t\t<\/div>\n\t\t\t\t<\/div>\n\t\t\t\t<\/div>\n\t\t\t\t\t<\/div>\n\t\t\t\t<\/div>\n\t\t\t\t<\/div>\n\t\t<div class=\"elementor-element elementor-element-5cca36d e-con-full e-flex e-con e-child\" data-id=\"5cca36d\" data-element_type=\"container\" data-e-type=\"container\">\n\t\t\t\t<div class=\"elementor-element elementor-element-85174e8 elementor-widget elementor-widget-google_maps\" data-id=\"85174e8\" data-element_type=\"widget\" data-e-type=\"widget\" data-widget_type=\"google_maps.default\">\n\t\t\t\t<div class=\"elementor-widget-container\">\n\t\t\t\t\t\t\t<div class=\"elementor-custom-embed\">\n\t\t\t<iframe loading=\"lazy\"\n\t\t\t\t\tsrc=\"https:\/\/maps.google.com\/maps?q=%20%201135%2C%20Grande%20All%C3%A9e%20Ouest%20%20Bureau%20180%20%20Qu%C3%A9bec%2C%20QC%20G1S%201E7&#038;t=m&#038;z=12&#038;output=embed&#038;iwloc=near\"\n\t\t\t\t\ttitle=\"  1135, Grande All\u00e9e Ouest  Bureau 180  Qu\u00e9bec, QC G1S 1E7\"\n\t\t\t\t\taria-label=\"  1135, Grande All\u00e9e Ouest  Bureau 180  Qu\u00e9bec, QC G1S 1E7\"\n\t\t\t><\/iframe>\n\t\t<\/div>\n\t\t\t\t\t\t<\/div>\n\t\t\t\t<\/div>\n\t\t\t\t<\/div>\n\t\t\t\t<\/div>\n\t\t\t\t<\/div>\n\t\t","protected":false},"excerpt":{"rendered":"<p>NOUS JOINDRE CONTACTEZ LE RDR Contactez-nous pour apprendre comment le RDR travaille collaborativement au d\u00e9veloppement socio-\u00e9conomique de la communaut\u00e9 d\u2019expression anglaise. Nous travaillons en collaboration avec nos organismes membres dans l\u2019objectif d\u2019am\u00e9liorer et de maintenir la vitalit\u00e9 des communaut\u00e9s d\u2019expression anglaise du Qu\u00e9bec. 1135, Grande All\u00e9e Ouest Suite 180 Qu\u00e9bec, QC G1S 1E7 +1 418-684-8810 <a href=\"https:\/\/regdevnet.ca\/fr\/nous-joindre\/\" class=\"more-link\">&#8230;<\/a><\/p>\n","protected":false},"author":5,"featured_media":1176,"parent":0,"menu_order":0,"comment_status":"closed","ping_status":"closed","template":"","meta":{"_monsterinsights_skip_tracking":false,"_monsterinsights_sitenote_active":false,"_monsterinsights_sitenote_note":"","_monsterinsights_sitenote_category":0,"footnotes":""},"class_list":["post-2636","page","type-page","status-publish","has-post-thumbnail","hentry"],"_links":{"self":[{"href":"https:\/\/regdevnet.ca\/fr\/wp-json\/wp\/v2\/pages\/2636","targetHints":{"allow":["GET"]}}],"collection":[{"href":"https:\/\/regdevnet.ca\/fr\/wp-json\/wp\/v2\/pages"}],"about":[{"href":"https:\/\/regdevnet.ca\/fr\/wp-json\/wp\/v2\/types\/page"}],"author":[{"embeddable":true,"href":"https:\/\/regdevnet.ca\/fr\/wp-json\/wp\/v2\/users\/5"}],"replies":[{"embeddable":true,"href":"https:\/\/regdevnet.ca\/fr\/wp-json\/wp\/v2\/comments?post=2636"}],"version-history":[{"count":21,"href":"https:\/\/regdevnet.ca\/fr\/wp-json\/wp\/v2\/pages\/2636\/revisions"}],"predecessor-version":[{"id":11696,"href":"https:\/\/regdevnet.ca\/fr\/wp-json\/wp\/v2\/pages\/2636\/revisions\/11696"}],"wp:featuredmedia":[{"embeddable":true,"href":"https:\/\/regdevnet.ca\/fr\/wp-json\/wp\/v2\/media\/1176"}],"wp:attachment":[{"href":"https:\/\/regdevnet.ca\/fr\/wp-json\/wp\/v2\/media?parent=2636"}],"curies":[{"name":"wp","href":"https:\/\/api.w.org\/{rel}","templated":true}]}}