{"id":2626,"date":"2023-08-09T13:02:38","date_gmt":"2023-08-09T17:02:38","guid":{"rendered":"https:\/\/staging.see-net.ca\/programmes\/projet-de-capsules-video-who-we-are-what-we-do\/"},"modified":"2026-04-09T10:23:13","modified_gmt":"2026-04-09T14:23:13","slug":"projet-de-capsules-video-who-we-are-what-we-do","status":"publish","type":"page","link":"https:\/\/regdevnet.ca\/fr\/programmes\/projet-de-capsules-video-who-we-are-what-we-do\/","title":{"rendered":"Projet de capsules vid\u00e9o Who We Are, What We Do"},"content":{"rendered":"\t\t<div data-elementor-type=\"wp-page\" data-elementor-id=\"2626\" class=\"elementor elementor-2626 elementor-1101\" data-elementor-post-type=\"page\">\n\t\t\t\t<div class=\"elementor-element elementor-element-261f353 e-flex e-con-boxed e-con e-parent\" data-id=\"261f353\" data-element_type=\"container\" data-e-type=\"container\" data-settings=\"{&quot;background_background&quot;:&quot;classic&quot;}\">\n\t\t\t\t\t<div class=\"e-con-inner\">\n\t\t\t\t<div class=\"elementor-element elementor-element-38247ce elementor-widget elementor-widget-heading\" data-id=\"38247ce\" data-element_type=\"widget\" data-e-type=\"widget\" data-widget_type=\"heading.default\">\n\t\t\t\t<div class=\"elementor-widget-container\">\n\t\t\t\t\t<h2 class=\"elementor-heading-title elementor-size-default\">PROGRAMMES<\/h2>\t\t\t\t<\/div>\n\t\t\t\t<\/div>\n\t\t\t\t\t<\/div>\n\t\t\t\t<\/div>\n\t\t<div class=\"elementor-element elementor-element-053fe4c e-flex e-con-boxed e-con e-parent\" data-id=\"053fe4c\" data-element_type=\"container\" data-e-type=\"container\" data-settings=\"{&quot;background_background&quot;:&quot;classic&quot;}\">\n\t\t\t\t\t<div class=\"e-con-inner\">\n\t\t<div class=\"elementor-element elementor-element-623d191 e-con-full e-flex e-con e-child\" data-id=\"623d191\" data-element_type=\"container\" data-e-type=\"container\" data-settings=\"{&quot;background_background&quot;:&quot;classic&quot;}\">\n\t\t\t\t<div class=\"elementor-element elementor-element-7e03efd elementor-widget elementor-widget-heading\" data-id=\"7e03efd\" data-element_type=\"widget\" data-e-type=\"widget\" data-widget_type=\"heading.default\">\n\t\t\t\t<div class=\"elementor-widget-container\">\n\t\t\t\t\t<h2 class=\"elementor-heading-title elementor-size-default\">PROJET VID\u00c9O WHO WE ARE, WHAT WE DO<\/h2>\t\t\t\t<\/div>\n\t\t\t\t<\/div>\n\t\t\t\t<div class=\"elementor-element elementor-element-9a88337 elementor-widget elementor-widget-text-editor\" data-id=\"9a88337\" data-element_type=\"widget\" data-e-type=\"widget\" data-widget_type=\"text-editor.default\">\n\t\t\t\t<div class=\"elementor-widget-container\">\n\t\t\t\t\t\t\t\t\t<p><span style=\"font-weight: 400;\">Who We Are, What We Do (Qui nous sommes, ce que nous faisons) a \u00e9t\u00e9 un projet d\u2019une dur\u00e9e de deux ans dont l\u2019objectif est de concevoir et de produire des capsules vid\u00e9o corporatives bilingues de deux minutes et demie pour les organismes r\u00e9gionaux membres du RDR \u0153uvrant au service de la communaut\u00e9 minoritaire d\u2019expression anglaise du Qu\u00e9bec. <\/span><\/p>\n<p><span style=\"font-weight: 400;\">Les capsules vid\u00e9o aideront les organismes \u00e0 optimiser leur financement, \u00e0 \u00e9tendre leurs partenariats et \u00e0 rejoindre de nouvelles communaut\u00e9s. En pr\u00e9sentant des faits cl\u00e9s \u00e0 propos de chaque r\u00e9gion, en abordant des aspects positifs et sp\u00e9cifiques \u00e0 chaque communaut\u00e9 et en offrant un aper\u00e7u bref mais impressionnant des activit\u00e9s de chaque organisme r\u00e9gional, les vid\u00e9os informeront ou rappelleront \u00e0 quiconque les visionnera la pr\u00e9sence et la vitalit\u00e9 des communaut\u00e9s d\u2019expression anglaise minoritaires du Qu\u00e9bec. <\/span><\/p>\n\t\t\t\t\t\t\t\t<\/div>\n\t\t\t\t<\/div>\n\t\t\t\t<div class=\"elementor-element elementor-element-90c2751 elementor-widget elementor-widget-text-editor\" data-id=\"90c2751\" data-element_type=\"widget\" data-e-type=\"widget\" data-widget_type=\"text-editor.default\">\n\t\t\t\t<div class=\"elementor-widget-container\">\n\t\t\t\t\t\t\t\t\t<p>Ce projet a \u00e9t\u00e9 rendu possible gr\u00e2ce au <a href=\"https:\/\/www.canada.ca\/fr\/patrimoine-canadien.html\" target=\"_blank\" rel=\"noopener\">Gouvernement du Canada<\/a> et au <a href=\"https:\/\/www.quebec.ca\/gouvernement\/ministeres-et-organismes\/srqea#:~:text=Le%20Secr%C3%A9tariat%2C%20dont%20le%20ministre,les%20minist%C3%A8res%20et%20organismes%20concern%C3%A9s\" target=\"_blank\" rel=\"noopener\">Secr\u00e9tariat aux relations avec les Qu\u00e9b\u00e9cois d\u2019expression anglaise<\/a>.<\/p>\n\t\t\t\t\t\t\t\t<\/div>\n\t\t\t\t<\/div>\n\t\t\t\t<\/div>\n\t\t<div class=\"elementor-element elementor-element-3841742 e-con-full e-flex e-con e-child\" data-id=\"3841742\" data-element_type=\"container\" data-e-type=\"container\">\n\t\t\t\t<div class=\"elementor-element elementor-element-6cfeac5 elementor-widget elementor-widget-image\" data-id=\"6cfeac5\" data-element_type=\"widget\" data-e-type=\"widget\" data-widget_type=\"image.default\">\n\t\t\t\t<div class=\"elementor-widget-container\">\n\t\t\t\t\t\t\t\t\t\t\t\t\t\t\t<img fetchpriority=\"high\" decoding=\"async\" width=\"862\" height=\"736\" src=\"https:\/\/regdevnet.ca\/wp-content\/uploads\/2023\/08\/Group-33@2x.webp\" class=\"attachment-large size-large wp-image-1171\" alt=\"8 people on a meeting desk, with their laptops\" srcset=\"https:\/\/regdevnet.ca\/wp-content\/uploads\/2023\/08\/Group-33@2x.webp 862w, https:\/\/regdevnet.ca\/wp-content\/uploads\/2023\/08\/Group-33@2x-300x256.webp 300w\" sizes=\"(max-width: 862px) 100vw, 862px\" \/>\t\t\t\t\t\t\t\t\t\t\t\t\t\t\t<\/div>\n\t\t\t\t<\/div>\n\t\t\t\t<\/div>\n\t\t\t\t\t<\/div>\n\t\t\t\t<\/div>\n\t\t<div class=\"elementor-element elementor-element-79cc52b e-flex e-con-boxed e-con e-parent\" data-id=\"79cc52b\" data-element_type=\"container\" data-e-type=\"container\">\n\t\t\t\t\t<div class=\"e-con-inner\">\n\t\t\t\t<div class=\"elementor-element elementor-element-523c6c3 elementor-widget elementor-widget-text-editor\" data-id=\"523c6c3\" data-element_type=\"widget\" data-e-type=\"widget\" data-widget_type=\"text-editor.default\">\n\t\t\t\t<div class=\"elementor-widget-container\">\n\t\t\t\t\t\t\t\t\t<h3 style=\"text-align: center;\">Avec le soutien financier du :<\/h3>\n\t\t\t\t\t\t\t\t<\/div>\n\t\t\t\t<\/div>\n\t\t\t\t\t<\/div>\n\t\t\t\t<\/div>\n\t\t<div class=\"elementor-element elementor-element-6ba6f89 e-flex e-con-boxed e-con e-parent\" data-id=\"6ba6f89\" data-element_type=\"container\" data-e-type=\"container\">\n\t\t\t\t\t<div class=\"e-con-inner\">\n\t\t<div class=\"elementor-element elementor-element-3e15def e-con-full e-flex e-con e-child\" data-id=\"3e15def\" data-element_type=\"container\" data-e-type=\"container\">\n\t\t\t\t<\/div>\n\t\t<div class=\"elementor-element elementor-element-968c5e0 e-con-full e-flex e-con e-child\" data-id=\"968c5e0\" data-element_type=\"container\" data-e-type=\"container\">\n\t\t\t\t<div class=\"elementor-element elementor-element-9cb70e8 elementor-widget__width-inherit elementor-widget elementor-widget-image\" data-id=\"9cb70e8\" data-element_type=\"widget\" data-e-type=\"widget\" data-widget_type=\"image.default\">\n\t\t\t\t<div class=\"elementor-widget-container\">\n\t\t\t\t\t\t\t\t\t\t\t\t<figure class=\"wp-caption\">\n\t\t\t\t\t\t\t\t\t\t\t<a href=\"https:\/\/www.canada.ca\/fr\/patrimoine-canadien.html\" target=\"_blank\" rel=\"nofollow\">\n\t\t\t\t\t\t\t<img decoding=\"async\" width=\"470\" height=\"112\" src=\"https:\/\/regdevnet.ca\/wp-content\/uploads\/2023\/08\/CanadianHeritage_Canada_wordmark_C.png.png\" class=\"attachment-full size-full wp-image-1845\" alt=\"Logo of Canadian Government\" srcset=\"https:\/\/regdevnet.ca\/wp-content\/uploads\/2023\/08\/CanadianHeritage_Canada_wordmark_C.png.png 470w, https:\/\/regdevnet.ca\/wp-content\/uploads\/2023\/08\/CanadianHeritage_Canada_wordmark_C.png-300x71.png 300w\" sizes=\"(max-width: 470px) 100vw, 470px\" \/>\t\t\t\t\t\t\t\t<\/a>\n\t\t\t\t\t\t\t\t\t\t\t<figcaption class=\"widget-image-caption wp-caption-text\">With the financial support of:<\/figcaption>\n\t\t\t\t\t\t\t\t\t\t<\/figure>\n\t\t\t\t\t\t\t\t\t<\/div>\n\t\t\t\t<\/div>\n\t\t\t\t<div class=\"elementor-element elementor-element-dfe66f5 elementor-widget__width-inherit elementor-widget elementor-widget-image\" data-id=\"dfe66f5\" data-element_type=\"widget\" data-e-type=\"widget\" data-widget_type=\"image.default\">\n\t\t\t\t<div class=\"elementor-widget-container\">\n\t\t\t\t\t\t\t\t\t\t\t\t<figure class=\"wp-caption\">\n\t\t\t\t\t\t\t\t\t\t\t<a href=\"https:\/\/www.quebec.ca\/gouvernement\/ministeres-et-organismes\/srqea\" target=\"_blank\" rel=\"nofollow\">\n\t\t\t\t\t\t\t<img decoding=\"async\" width=\"247\" height=\"85\" src=\"https:\/\/regdevnet.ca\/wp-content\/uploads\/2023\/11\/SRQEA_couleur-edited.svg\" class=\"attachment-full size-full wp-image-7876\" alt=\"SRQEA Quebec\" \/>\t\t\t\t\t\t\t\t<\/a>\n\t\t\t\t\t\t\t\t\t\t\t<figcaption class=\"widget-image-caption wp-caption-text\"><\/figcaption>\n\t\t\t\t\t\t\t\t\t\t<\/figure>\n\t\t\t\t\t\t\t\t\t<\/div>\n\t\t\t\t<\/div>\n\t\t\t\t<\/div>\n\t\t<div class=\"elementor-element elementor-element-5398871 e-con-full e-flex e-con e-child\" data-id=\"5398871\" data-element_type=\"container\" data-e-type=\"container\">\n\t\t\t\t<\/div>\n\t\t\t\t\t<\/div>\n\t\t\t\t<\/div>\n\t\t<div class=\"elementor-element elementor-element-1838f19 e-flex e-con-boxed e-con e-parent\" data-id=\"1838f19\" data-element_type=\"container\" data-e-type=\"container\" data-settings=\"{&quot;background_background&quot;:&quot;classic&quot;,&quot;background_motion_fx_motion_fx_mouse&quot;:&quot;yes&quot;}\">\n\t\t\t\t\t<div class=\"e-con-inner\">\n\t\t\t\t<div class=\"elementor-element elementor-element-71d0e5e elementor-widget elementor-widget-text-editor\" data-id=\"71d0e5e\" data-element_type=\"widget\" data-e-type=\"widget\" data-widget_type=\"text-editor.default\">\n\t\t\t\t<div class=\"elementor-widget-container\">\n\t\t\t\t\t\t\t\t\t<p>Visionnez les vid\u00e9os et d\u00e9couvrez comment nos organismes membres aident les communaut\u00e9s d\u2019expression anglaise du Qu\u00e9bec.<\/p>\n\t\t\t\t\t\t\t\t<\/div>\n\t\t\t\t<\/div>\n\t\t\t\t<div class=\"elementor-element elementor-element-a98cb56 elementor-widget elementor-widget-button\" data-id=\"a98cb56\" data-element_type=\"widget\" data-e-type=\"widget\" data-widget_type=\"button.default\">\n\t\t\t\t<div class=\"elementor-widget-container\">\n\t\t\t\t\t\t\t\t\t<div class=\"elementor-button-wrapper\">\n\t\t\t\t\t<a class=\"elementor-button elementor-button-link elementor-size-sm\" href=\"https:\/\/regdevnet.ca\/fr\/qui-nous-sommes-ce-que-nous-faisons\/\">\n\t\t\t\t\t\t<span class=\"elementor-button-content-wrapper\">\n\t\t\t\t\t\t<span class=\"elementor-button-icon\">\n\t\t\t\t<i aria-hidden=\"true\" class=\"fas fa-arrow-right\"><\/i>\t\t\t<\/span>\n\t\t\t\t\t\t\t\t\t<span class=\"elementor-button-text\">\u00c9COUTER LES CAPSULES VID\u00c9O<\/span>\n\t\t\t\t\t<\/span>\n\t\t\t\t\t<\/a>\n\t\t\t\t<\/div>\n\t\t\t\t\t\t\t\t<\/div>\n\t\t\t\t<\/div>\n\t\t\t\t\t<\/div>\n\t\t\t\t<\/div>\n\t\t\t\t<\/div>\n\t\t","protected":false},"excerpt":{"rendered":"<p>PROGRAMMES PROJET VID\u00c9O WHO WE ARE, WHAT WE DO Who We Are, What We Do (Qui nous sommes, ce que nous faisons) a \u00e9t\u00e9 un projet d\u2019une dur\u00e9e de deux ans dont l\u2019objectif est de concevoir et de produire des capsules vid\u00e9o corporatives bilingues de deux minutes et demie pour les organismes r\u00e9gionaux membres du <a href=\"https:\/\/regdevnet.ca\/fr\/programmes\/projet-de-capsules-video-who-we-are-what-we-do\/\" class=\"more-link\">&#8230;<\/a><\/p>\n","protected":false},"author":5,"featured_media":1965,"parent":2586,"menu_order":0,"comment_status":"closed","ping_status":"closed","template":"","meta":{"_monsterinsights_skip_tracking":false,"_monsterinsights_sitenote_active":false,"_monsterinsights_sitenote_note":"","_monsterinsights_sitenote_category":0,"footnotes":""},"class_list":["post-2626","page","type-page","status-publish","has-post-thumbnail","hentry"],"_links":{"self":[{"href":"https:\/\/regdevnet.ca\/fr\/wp-json\/wp\/v2\/pages\/2626","targetHints":{"allow":["GET"]}}],"collection":[{"href":"https:\/\/regdevnet.ca\/fr\/wp-json\/wp\/v2\/pages"}],"about":[{"href":"https:\/\/regdevnet.ca\/fr\/wp-json\/wp\/v2\/types\/page"}],"author":[{"embeddable":true,"href":"https:\/\/regdevnet.ca\/fr\/wp-json\/wp\/v2\/users\/5"}],"replies":[{"embeddable":true,"href":"https:\/\/regdevnet.ca\/fr\/wp-json\/wp\/v2\/comments?post=2626"}],"version-history":[{"count":39,"href":"https:\/\/regdevnet.ca\/fr\/wp-json\/wp\/v2\/pages\/2626\/revisions"}],"predecessor-version":[{"id":11774,"href":"https:\/\/regdevnet.ca\/fr\/wp-json\/wp\/v2\/pages\/2626\/revisions\/11774"}],"up":[{"embeddable":true,"href":"https:\/\/regdevnet.ca\/fr\/wp-json\/wp\/v2\/pages\/2586"}],"wp:featuredmedia":[{"embeddable":true,"href":"https:\/\/regdevnet.ca\/fr\/wp-json\/wp\/v2\/media\/1965"}],"wp:attachment":[{"href":"https:\/\/regdevnet.ca\/fr\/wp-json\/wp\/v2\/media?parent=2626"}],"curies":[{"name":"wp","href":"https:\/\/api.w.org\/{rel}","templated":true}]}}