{"id":2622,"date":"2023-08-01T13:44:40","date_gmt":"2023-08-01T17:44:40","guid":{"rendered":"https:\/\/staging.see-net.ca\/a-propos-de-nous\/"},"modified":"2026-04-09T10:16:46","modified_gmt":"2026-04-09T14:16:46","slug":"a-propos-de-nous","status":"publish","type":"page","link":"https:\/\/regdevnet.ca\/fr\/a-propos-de-nous\/","title":{"rendered":"\u00c0 propos de nous"},"content":{"rendered":"\t\t<div data-elementor-type=\"wp-page\" data-elementor-id=\"2622\" class=\"elementor elementor-2622 elementor-601\" data-elementor-post-type=\"page\">\n\t\t\t\t<div class=\"elementor-element elementor-element-b14bba1 e-flex e-con-boxed e-con e-parent\" data-id=\"b14bba1\" data-element_type=\"container\" data-e-type=\"container\" data-settings=\"{&quot;background_background&quot;:&quot;classic&quot;}\">\n\t\t\t\t\t<div class=\"e-con-inner\">\n\t\t\t\t<div class=\"elementor-element elementor-element-bce591f elementor-widget elementor-widget-heading\" data-id=\"bce591f\" data-element_type=\"widget\" data-e-type=\"widget\" data-widget_type=\"heading.default\">\n\t\t\t\t<div class=\"elementor-widget-container\">\n\t\t\t\t\t<h2 class=\"elementor-heading-title elementor-size-default\">\u00c0 PROPOS DE NOUS<\/h2>\t\t\t\t<\/div>\n\t\t\t\t<\/div>\n\t\t\t\t\t<\/div>\n\t\t\t\t<\/div>\n\t\t<div class=\"elementor-element elementor-element-9c8157d e-flex e-con-boxed e-con e-parent\" data-id=\"9c8157d\" data-element_type=\"container\" data-e-type=\"container\" data-settings=\"{&quot;background_background&quot;:&quot;classic&quot;}\">\n\t\t\t\t\t<div class=\"e-con-inner\">\n\t\t<div class=\"elementor-element elementor-element-f2a6dee e-con-full e-flex e-con e-child\" data-id=\"f2a6dee\" data-element_type=\"container\" data-e-type=\"container\" data-settings=\"{&quot;background_background&quot;:&quot;classic&quot;}\">\n\t\t\t\t<div class=\"elementor-element elementor-element-e6cda14 elementor-widget elementor-widget-heading\" data-id=\"e6cda14\" data-element_type=\"widget\" data-e-type=\"widget\" data-widget_type=\"heading.default\">\n\t\t\t\t<div class=\"elementor-widget-container\">\n\t\t\t\t\t<h1 class=\"elementor-heading-title elementor-size-default\">LE R\u00c9SEAU : L\u2019UNION FAIT LA FORCE<\/h1>\t\t\t\t<\/div>\n\t\t\t\t<\/div>\n\t\t\t\t<div class=\"elementor-element elementor-element-63cc811 elementor-widget elementor-widget-text-editor\" data-id=\"63cc811\" data-element_type=\"widget\" data-e-type=\"widget\" data-widget_type=\"text-editor.default\">\n\t\t\t\t<div class=\"elementor-widget-container\">\n\t\t\t\t\t\t\t\t\t<p><span style=\"font-weight: 400;\">Fond\u00e9 en 2019, le R\u00e9seau de d\u00e9veloppement r\u00e9gional (RDR) est un organisme national \u00e0 but non lucratif qui travaille \u00e0 l\u2019am\u00e9lioration du d\u00e9veloppement socio-\u00e9conomique des communaut\u00e9s d\u2019expression anglaise du Qu\u00e9bec. Appuy\u00e9 par un r\u00e9seau de 19 organismes r\u00e9gionaux d\u2019expression anglaise, le RDR collabore avec le gouvernement f\u00e9d\u00e9ral, le gouvernement provincial et les municipalit\u00e9s afin de repr\u00e9senter les besoins et les d\u00e9fis de son r\u00e9seau et de promouvoir la cr\u00e9ation de projets et de partenariats.<\/span><\/p>\n\t\t\t\t\t\t\t\t<\/div>\n\t\t\t\t<\/div>\n\t\t\t\t<\/div>\n\t\t<div class=\"elementor-element elementor-element-9dfe534 e-con-full e-flex e-con e-child\" data-id=\"9dfe534\" data-element_type=\"container\" data-e-type=\"container\">\n\t\t\t\t<div class=\"elementor-element elementor-element-01edddc elementor-widget elementor-widget-image\" data-id=\"01edddc\" data-element_type=\"widget\" data-e-type=\"widget\" data-widget_type=\"image.default\">\n\t\t\t\t<div class=\"elementor-widget-container\">\n\t\t\t\t\t\t\t\t\t\t\t\t\t\t\t<img fetchpriority=\"high\" decoding=\"async\" width=\"1024\" height=\"523\" src=\"https:\/\/regdevnet.ca\/wp-content\/uploads\/2023\/08\/Group-34@2x-1024x523.webp\" class=\"attachment-large size-large wp-image-1173\" alt=\"Pine trees on a mountain area\" srcset=\"https:\/\/regdevnet.ca\/wp-content\/uploads\/2023\/08\/Group-34@2x-1024x523.webp 1024w, https:\/\/regdevnet.ca\/wp-content\/uploads\/2023\/08\/Group-34@2x-300x153.webp 300w, https:\/\/regdevnet.ca\/wp-content\/uploads\/2023\/08\/Group-34@2x.webp 1104w\" sizes=\"(max-width: 1024px) 100vw, 1024px\" \/>\t\t\t\t\t\t\t\t\t\t\t\t\t\t\t<\/div>\n\t\t\t\t<\/div>\n\t\t\t\t<\/div>\n\t\t\t\t\t<\/div>\n\t\t\t\t<\/div>\n\t\t<div class=\"elementor-element elementor-element-85206f5 e-flex e-con-boxed e-con e-parent\" data-id=\"85206f5\" data-element_type=\"container\" data-e-type=\"container\">\n\t\t\t\t\t<div class=\"e-con-inner\">\n\t\t<div class=\"elementor-element elementor-element-fab01eb e-con-full e-flex e-con e-child\" data-id=\"fab01eb\" data-element_type=\"container\" data-e-type=\"container\">\n\t\t\t\t<div class=\"elementor-element elementor-element-eaf2e20 elementor-widget elementor-widget-heading\" data-id=\"eaf2e20\" data-element_type=\"widget\" data-e-type=\"widget\" data-widget_type=\"heading.default\">\n\t\t\t\t<div class=\"elementor-widget-container\">\n\t\t\t\t\t<h2 class=\"elementor-heading-title elementor-size-default\">UN NEXUS POUR DU CHANGEMENT<\/h2>\t\t\t\t<\/div>\n\t\t\t\t<\/div>\n\t\t\t\t<div class=\"elementor-element elementor-element-a74101f elementor-widget elementor-widget-text-editor\" data-id=\"a74101f\" data-element_type=\"widget\" data-e-type=\"widget\" data-widget_type=\"text-editor.default\">\n\t\t\t\t<div class=\"elementor-widget-container\">\n\t\t\t\t\t\t\t\t\t<p><span style=\"font-weight: 400;\">Le RDR travaille collaborativement au d\u00e9veloppement socio-\u00e9conomique de la communaut\u00e9 d\u2019expression anglaise du Qu\u00e9bec. Nous avons b\u00e2ti des relations solides avec les gouvernements, les d\u00e9cideurs et les bailleurs de fonds, ce qui nous aide \u00e0 accro\u00eetre la sensibilisation et \u00e0 d\u00e9velopper des strat\u00e9gies communes visant l\u2019am\u00e9lioration et le maintien de la vitalit\u00e9 des communaut\u00e9s d\u2019expression anglaise r\u00e9gionales du Qu\u00e9bec. Nous travaillons avec nos organismes membres afin d\u2019am\u00e9liorer leur connaissance du financement r\u00e9gional, provincial et f\u00e9d\u00e9ral. Nous les aidons \u00e9galement \u00e0 d\u00e9velopper leur capacit\u00e9 afin qu\u2019ils puissent atteindre leurs objectifs et mandats d\u2019une mani\u00e8re efficace.  <\/span><\/p>\n\t\t\t\t\t\t\t\t<\/div>\n\t\t\t\t<\/div>\n\t\t\t\t<\/div>\n\t\t<div class=\"elementor-element elementor-element-5d1074f e-con-full e-flex e-con e-child\" data-id=\"5d1074f\" data-element_type=\"container\" data-e-type=\"container\">\n\t\t\t\t<div class=\"elementor-element elementor-element-f80dfa4 elementor-widget elementor-widget-heading\" data-id=\"f80dfa4\" data-element_type=\"widget\" data-e-type=\"widget\" data-widget_type=\"heading.default\">\n\t\t\t\t<div class=\"elementor-widget-container\">\n\t\t\t\t\t<h2 class=\"elementor-heading-title elementor-size-default\">R\u00c9USSITE COLLECTIVE<\/h2>\t\t\t\t<\/div>\n\t\t\t\t<\/div>\n\t\t\t\t<div class=\"elementor-element elementor-element-5f35150 elementor-widget elementor-widget-text-editor\" data-id=\"5f35150\" data-element_type=\"widget\" data-e-type=\"widget\" data-widget_type=\"text-editor.default\">\n\t\t\t\t<div class=\"elementor-widget-container\">\n\t\t\t\t\t\t\t\t\t<p><span style=\"font-weight: 400;\">Nous croyons que des communaut\u00e9s d\u2019expression anglaise vigoureuses constituent un aspect vital de la structure des r\u00e9gions du Qu\u00e9bec. Le RDR soutient les membres du r\u00e9seau et d\u2019autres entit\u00e9s afin de travailler collaborativement \u00e0 leur d\u00e9veloppement socio-\u00e9conomique. Ensemble, nous travaillons \u00e0 l\u2019am\u00e9lioration et au maintien de la vitalit\u00e9 des communaut\u00e9s d\u2019expression anglaise du Qu\u00e9bec.  <\/span><\/p>\n\t\t\t\t\t\t\t\t<\/div>\n\t\t\t\t<\/div>\n\t\t\t\t<\/div>\n\t\t\t\t\t<\/div>\n\t\t\t\t<\/div>\n\t\t<div class=\"elementor-element elementor-element-d012b59 e-flex e-con-boxed e-con e-parent\" data-id=\"d012b59\" data-element_type=\"container\" data-e-type=\"container\">\n\t\t\t\t\t<div class=\"e-con-inner\">\n\t\t<div class=\"elementor-element elementor-element-651a63a e-con-full e-flex e-con e-child\" data-id=\"651a63a\" data-element_type=\"container\" data-e-type=\"container\">\n\t\t\t\t<div class=\"elementor-element elementor-element-dc892f5 elementor-widget elementor-widget-image\" data-id=\"dc892f5\" data-element_type=\"widget\" data-e-type=\"widget\" data-widget_type=\"image.default\">\n\t\t\t\t<div class=\"elementor-widget-container\">\n\t\t\t\t\t\t\t\t\t\t\t\t\t\t\t<img decoding=\"async\" width=\"1024\" height=\"549\" src=\"https:\/\/regdevnet.ca\/wp-content\/uploads\/2023\/08\/Group-72@2x-1024x549.webp\" class=\"attachment-large size-large wp-image-1174\" alt=\"Building with lights on, reflected on water body\" srcset=\"https:\/\/regdevnet.ca\/wp-content\/uploads\/2023\/08\/Group-72@2x-1024x549.webp 1024w, https:\/\/regdevnet.ca\/wp-content\/uploads\/2023\/08\/Group-72@2x-300x161.webp 300w, https:\/\/regdevnet.ca\/wp-content\/uploads\/2023\/08\/Group-72@2x.webp 1336w\" sizes=\"(max-width: 1024px) 100vw, 1024px\" \/>\t\t\t\t\t\t\t\t\t\t\t\t\t\t\t<\/div>\n\t\t\t\t<\/div>\n\t\t\t\t<\/div>\n\t\t<div class=\"elementor-element elementor-element-3e0163d e-con-full e-flex e-con e-child\" data-id=\"3e0163d\" data-element_type=\"container\" data-e-type=\"container\">\n\t\t\t\t<div class=\"elementor-element elementor-element-067a768 elementor-widget elementor-widget-heading\" data-id=\"067a768\" data-element_type=\"widget\" data-e-type=\"widget\" data-widget_type=\"heading.default\">\n\t\t\t\t<div class=\"elementor-widget-container\">\n\t\t\t\t\t<h2 class=\"elementor-heading-title elementor-size-default\">HISTOIRE DU RDR<\/h2>\t\t\t\t<\/div>\n\t\t\t\t<\/div>\n\t\t\t\t<div class=\"elementor-element elementor-element-2f0ab1b elementor-widget elementor-widget-text-editor\" data-id=\"2f0ab1b\" data-element_type=\"widget\" data-e-type=\"widget\" data-widget_type=\"text-editor.default\">\n\t\t\t\t<div class=\"elementor-widget-container\">\n\t\t\t\t\t\t\t\t\t<p><span style=\"font-weight: 400;\">Le RDR a \u00e9t\u00e9 fond\u00e9 en novembre 2019 pour r\u00e9pondre au besoin d\u2019une repr\u00e9sentation efficace et d\u2019une implication engag\u00e9e dans l\u2019am\u00e9lioration de la vitalit\u00e9 et dans le soutien du d\u00e9veloppement des communaut\u00e9s d\u2019expression anglaise du Qu\u00e9bec.&nbsp;&nbsp;<br \/><\/span><span style=\"color: var( --e-global-color-text ); font-family: var( --e-global-typography-text-font-family ), Sans-serif; font-size: var( --e-global-typography-text-font-size ); text-align: var(--text-align);\"><br \/>Les organismes desservant ces communaut\u00e9s font face \u00e0 de multiples d\u00e9fis socio-\u00e9conomiques dans le processus de leur mandat. Consid\u00e9r\u00e9s comme des organismes g\u00e9n\u00e9ralistes, ils sont confront\u00e9s \u00e0 des contraintes de financement alors qu\u2019ils doivent r\u00e9pondre aux besoins et aux probl\u00e8mes de la communaut\u00e9 dans de multiples secteurs, au sein de nombreuses juridictions et dans un contexte de langue minoritaire qui n\u2019est souvent pas reconnu. De plus, de nombreux organismes doivent r\u00e9aliser leur travail sur un vaste territoire tout en desservant des populations isol\u00e9es. Dans ce contexte, il a \u00e9t\u00e9 d\u00e9termin\u00e9 qu\u2019il existe un besoin pour un r\u00e9seau d\u2019organismes r\u00e9gionaux desservant les communaut\u00e9s d\u2019expression anglaise du Qu\u00e9bec \u00e0 des fins de r\u00e9seautage, de collaboration et de repr\u00e9sentation afin de soutenir les organismes individuels dans le travail qu\u2019ils s\u2019efforcent de r\u00e9aliser.   <\/span><\/p>\n\t\t\t\t\t\t\t\t<\/div>\n\t\t\t\t<\/div>\n\t\t\t\t<\/div>\n\t\t\t\t\t<\/div>\n\t\t\t\t<\/div>\n\t\t<div class=\"elementor-element elementor-element-95f460a e-flex e-con-boxed e-con e-parent\" data-id=\"95f460a\" data-element_type=\"container\" data-e-type=\"container\">\n\t\t\t\t\t<div class=\"e-con-inner\">\n\t\t\t\t<div class=\"elementor-element elementor-element-25e76ba elementor-widget-divider--view-line elementor-widget elementor-widget-divider\" data-id=\"25e76ba\" data-element_type=\"widget\" data-e-type=\"widget\" data-widget_type=\"divider.default\">\n\t\t\t\t<div class=\"elementor-widget-container\">\n\t\t\t\t\t\t\t<div class=\"elementor-divider\">\n\t\t\t<span class=\"elementor-divider-separator\">\n\t\t\t\t\t\t<\/span>\n\t\t<\/div>\n\t\t\t\t\t\t<\/div>\n\t\t\t\t<\/div>\n\t\t\t\t\t<\/div>\n\t\t\t\t<\/div>\n\t\t<div class=\"elementor-element elementor-element-9212e69 e-flex e-con-boxed e-con e-parent\" data-id=\"9212e69\" data-element_type=\"container\" data-e-type=\"container\">\n\t\t\t\t\t<div class=\"e-con-inner\">\n\t\t<a class=\"elementor-element elementor-element-9457fed e-con-full e-flex e-con e-child\" data-id=\"9457fed\" data-element_type=\"container\" data-e-type=\"container\" href=\"https:\/\/regdevnet.ca\/fr\/a-propos-de-nous\/notre-equipe\/\">\n\t\t\t\t<div class=\"elementor-element elementor-element-ab49b8c elementor-widget elementor-widget-heading\" data-id=\"ab49b8c\" data-element_type=\"widget\" data-e-type=\"widget\" data-widget_type=\"heading.default\">\n\t\t\t\t<div class=\"elementor-widget-container\">\n\t\t\t\t\t<h2 class=\"elementor-heading-title elementor-size-default\">\u00c9QUIPE<\/h2>\t\t\t\t<\/div>\n\t\t\t\t<\/div>\n\t\t\t\t<div class=\"elementor-element elementor-element-eaeef2b elementor-widget elementor-widget-text-editor\" data-id=\"eaeef2b\" data-element_type=\"widget\" data-e-type=\"widget\" data-widget_type=\"text-editor.default\">\n\t\t\t\t<div class=\"elementor-widget-container\">\n\t\t\t\t\t\t\t\t\t<p>Faites connaissance avec l\u2019\u00e9quipe du RDR<\/p>\n\t\t\t\t\t\t\t\t<\/div>\n\t\t\t\t<\/div>\n\t\t\t\t<div class=\"elementor-element elementor-element-1970e2c elementor-widget elementor-widget-heading\" data-id=\"1970e2c\" data-element_type=\"widget\" data-e-type=\"widget\" data-widget_type=\"heading.default\">\n\t\t\t\t<div class=\"elementor-widget-container\">\n\t\t\t\t\t<h2 class=\"elementor-heading-title elementor-size-default\">EN SAVOIR PLUS <span class=\"elementor-button-icon elementor-align-icon-right\">\n\t\t\t\t\t\t\t<\/span><\/h2>\t\t\t\t<\/div>\n\t\t\t\t<\/div>\n\t\t\t\t<\/a>\n\t\t<a class=\"elementor-element elementor-element-ab23e94 e-con-full e-flex e-con e-child\" data-id=\"ab23e94\" data-element_type=\"container\" data-e-type=\"container\" href=\"https:\/\/regdevnet.ca\/fr\/a-propos-de-nous\/faites-connaissance-avec-le-conseil\/\">\n\t\t\t\t<div class=\"elementor-element elementor-element-fe3f38f elementor-widget elementor-widget-heading\" data-id=\"fe3f38f\" data-element_type=\"widget\" data-e-type=\"widget\" data-widget_type=\"heading.default\">\n\t\t\t\t<div class=\"elementor-widget-container\">\n\t\t\t\t\t<h2 class=\"elementor-heading-title elementor-size-default\">CONSEIL D\u2019ADMINISTRATION<\/h2>\t\t\t\t<\/div>\n\t\t\t\t<\/div>\n\t\t\t\t<div class=\"elementor-element elementor-element-fb0032f elementor-widget elementor-widget-text-editor\" data-id=\"fb0032f\" data-element_type=\"widget\" data-e-type=\"widget\" data-widget_type=\"text-editor.default\">\n\t\t\t\t<div class=\"elementor-widget-container\">\n\t\t\t\t\t\t\t\t\t<p>Faites connaissance avec le conseil d\u2019administration du RDR<\/p>\n\t\t\t\t\t\t\t\t<\/div>\n\t\t\t\t<\/div>\n\t\t\t\t<div class=\"elementor-element elementor-element-f14dbba elementor-widget elementor-widget-heading\" data-id=\"f14dbba\" data-element_type=\"widget\" data-e-type=\"widget\" data-widget_type=\"heading.default\">\n\t\t\t\t<div class=\"elementor-widget-container\">\n\t\t\t\t\t<h2 class=\"elementor-heading-title elementor-size-default\">EN SAVOIR PLUS <span class=\"elementor-button-icon elementor-align-icon-right\">\n\t\t\t\t\t\t\t<\/span><\/h2>\t\t\t\t<\/div>\n\t\t\t\t<\/div>\n\t\t\t\t<\/a>\n\t\t<a class=\"elementor-element elementor-element-2e6793c e-con-full e-flex e-con e-child\" data-id=\"2e6793c\" data-element_type=\"container\" data-e-type=\"container\" href=\"https:\/\/regdevnet.ca\/fr\/a-propos-de-nous\/medias\/\">\n\t\t\t\t<div class=\"elementor-element elementor-element-f28fff7 elementor-widget elementor-widget-heading\" data-id=\"f28fff7\" data-element_type=\"widget\" data-e-type=\"widget\" data-widget_type=\"heading.default\">\n\t\t\t\t<div class=\"elementor-widget-container\">\n\t\t\t\t\t<h2 class=\"elementor-heading-title elementor-size-default\">M\u00c9DIAS<\/h2>\t\t\t\t<\/div>\n\t\t\t\t<\/div>\n\t\t\t\t<div class=\"elementor-element elementor-element-7646631 elementor-widget elementor-widget-text-editor\" data-id=\"7646631\" data-element_type=\"widget\" data-e-type=\"widget\" data-widget_type=\"text-editor.default\">\n\t\t\t\t<div class=\"elementor-widget-container\">\n\t\t\t\t\t\t\t\t\t<p>Plus d\u2019informations<\/p>\n\t\t\t\t\t\t\t\t<\/div>\n\t\t\t\t<\/div>\n\t\t\t\t<div class=\"elementor-element elementor-element-cb58ff8 elementor-widget elementor-widget-heading\" data-id=\"cb58ff8\" data-element_type=\"widget\" data-e-type=\"widget\" data-widget_type=\"heading.default\">\n\t\t\t\t<div class=\"elementor-widget-container\">\n\t\t\t\t\t<h2 class=\"elementor-heading-title elementor-size-default\">EN SAVOIR PLUS <span class=\"elementor-button-icon elementor-align-icon-right\">\n\t\t\t\t\t\t\t<\/span><\/h2>\t\t\t\t<\/div>\n\t\t\t\t<\/div>\n\t\t\t\t<\/a>\n\t\t\t\t\t<\/div>\n\t\t\t\t<\/div>\n\t\t\t\t<\/div>\n\t\t","protected":false},"excerpt":{"rendered":"<p>\u00c0 PROPOS DE NOUS LE R\u00c9SEAU : L\u2019UNION FAIT LA FORCE Fond\u00e9 en 2019, le R\u00e9seau de d\u00e9veloppement r\u00e9gional (RDR) est un organisme national \u00e0 but non lucratif qui travaille \u00e0 l\u2019am\u00e9lioration du d\u00e9veloppement socio-\u00e9conomique des communaut\u00e9s d\u2019expression anglaise du Qu\u00e9bec. Appuy\u00e9 par un r\u00e9seau de 19 organismes r\u00e9gionaux d\u2019expression anglaise, le RDR collabore avec <a href=\"https:\/\/regdevnet.ca\/fr\/a-propos-de-nous\/\" class=\"more-link\">&#8230;<\/a><\/p>\n","protected":false},"author":5,"featured_media":1173,"parent":0,"menu_order":0,"comment_status":"closed","ping_status":"closed","template":"","meta":{"_monsterinsights_skip_tracking":false,"_monsterinsights_sitenote_active":false,"_monsterinsights_sitenote_note":"","_monsterinsights_sitenote_category":0,"footnotes":""},"class_list":["post-2622","page","type-page","status-publish","has-post-thumbnail","hentry"],"_links":{"self":[{"href":"https:\/\/regdevnet.ca\/fr\/wp-json\/wp\/v2\/pages\/2622","targetHints":{"allow":["GET"]}}],"collection":[{"href":"https:\/\/regdevnet.ca\/fr\/wp-json\/wp\/v2\/pages"}],"about":[{"href":"https:\/\/regdevnet.ca\/fr\/wp-json\/wp\/v2\/types\/page"}],"author":[{"embeddable":true,"href":"https:\/\/regdevnet.ca\/fr\/wp-json\/wp\/v2\/users\/5"}],"replies":[{"embeddable":true,"href":"https:\/\/regdevnet.ca\/fr\/wp-json\/wp\/v2\/comments?post=2622"}],"version-history":[{"count":27,"href":"https:\/\/regdevnet.ca\/fr\/wp-json\/wp\/v2\/pages\/2622\/revisions"}],"predecessor-version":[{"id":11720,"href":"https:\/\/regdevnet.ca\/fr\/wp-json\/wp\/v2\/pages\/2622\/revisions\/11720"}],"wp:featuredmedia":[{"embeddable":true,"href":"https:\/\/regdevnet.ca\/fr\/wp-json\/wp\/v2\/media\/1173"}],"wp:attachment":[{"href":"https:\/\/regdevnet.ca\/fr\/wp-json\/wp\/v2\/media?parent=2622"}],"curies":[{"name":"wp","href":"https:\/\/api.w.org\/{rel}","templated":true}]}}