{"id":2608,"date":"2023-08-09T12:44:41","date_gmt":"2023-08-09T16:44:41","guid":{"rendered":"https:\/\/staging.see-net.ca\/programmes\/programme-french-for-the-workforce\/"},"modified":"2024-07-08T15:39:03","modified_gmt":"2024-07-08T19:39:03","slug":"programme-french-for-the-workforce","status":"publish","type":"page","link":"https:\/\/regdevnet.ca\/fr\/programmes\/programme-french-for-the-workforce\/","title":{"rendered":"Programme French for the Workforce"},"content":{"rendered":"\t\t<div data-elementor-type=\"wp-page\" data-elementor-id=\"2608\" class=\"elementor elementor-2608 elementor-1096\" data-elementor-post-type=\"page\">\n\t\t\t\t<div class=\"elementor-element elementor-element-0fcb844 e-flex e-con-boxed e-con e-parent\" data-id=\"0fcb844\" data-element_type=\"container\" data-e-type=\"container\" data-settings=\"{&quot;background_background&quot;:&quot;classic&quot;}\">\n\t\t\t\t\t<div class=\"e-con-inner\">\n\t\t\t\t<div class=\"elementor-element elementor-element-893c6bb elementor-widget elementor-widget-heading\" data-id=\"893c6bb\" data-element_type=\"widget\" data-e-type=\"widget\" data-widget_type=\"heading.default\">\n\t\t\t\t<div class=\"elementor-widget-container\">\n\t\t\t\t\t<h2 class=\"elementor-heading-title elementor-size-default\">PROGRAMMES<\/h2>\t\t\t\t<\/div>\n\t\t\t\t<\/div>\n\t\t\t\t\t<\/div>\n\t\t\t\t<\/div>\n\t\t<div class=\"elementor-element elementor-element-053fe4c e-flex e-con-boxed e-con e-parent\" data-id=\"053fe4c\" data-element_type=\"container\" data-e-type=\"container\" data-settings=\"{&quot;background_background&quot;:&quot;classic&quot;}\">\n\t\t\t\t\t<div class=\"e-con-inner\">\n\t\t<div class=\"elementor-element elementor-element-623d191 e-con-full e-flex e-con e-child\" data-id=\"623d191\" data-element_type=\"container\" data-e-type=\"container\" data-settings=\"{&quot;background_background&quot;:&quot;classic&quot;}\">\n\t\t\t\t<div class=\"elementor-element elementor-element-7e03efd elementor-widget elementor-widget-heading\" data-id=\"7e03efd\" data-element_type=\"widget\" data-e-type=\"widget\" data-widget_type=\"heading.default\">\n\t\t\t\t<div class=\"elementor-widget-container\">\n\t\t\t\t\t<h2 class=\"elementor-heading-title elementor-size-default\">PROGRAMME FRENCH FOR THE WORKFORCE<\/h2>\t\t\t\t<\/div>\n\t\t\t\t<\/div>\n\t\t\t\t<div class=\"elementor-element elementor-element-9a88337 elementor-widget elementor-widget-text-editor\" data-id=\"9a88337\" data-element_type=\"widget\" data-e-type=\"widget\" data-widget_type=\"text-editor.default\">\n\t\t\t\t<div class=\"elementor-widget-container\">\n\t\t\t\t\t\t\t\t\t<p><span style=\"font-weight: 400;\">Ouvert aux individus d\u2019expression anglaise de partout au Qu\u00e9bec, French for the Workforce a vis\u00e9 \u00e0 aider les membres du programme \u00e0 am\u00e9liorer leur fran\u00e7ais afin de progresser dans leur carri\u00e8re. Chaque personne a travaill\u00e9 sur son CV, sa lettre de pr\u00e9sentation, sa pr\u00e9paration aux entretiens d\u2019embauche et sa capacit\u00e9 d\u2019utiliser les termes propres \u00e0 son domaine. Les participant\u00b7es ont pratiqu\u00e9 les conjugaisons de verbe, ont eu des discussions de groupe et ont re\u00e7u des commentaires personnalis\u00e9s afin de faire un bon suivi de leurs progr\u00e8s.<\/span><\/p>\n<p>En collaboration avec <a href=\"https:\/\/pertquebec.ca\/\" target=\"_blank\" rel=\"noopener\">PERT<\/a>et <a href=\"https:\/\/yesmontreal.ca\/\" target=\"_blank\" rel=\"noopener\">YES<\/a>, French for the Workforce a \u00e9t\u00e9 financ\u00e9 par le <a href=\"https:\/\/www.quebec.ca\/gouvernement\/ministeres-et-organismes\/srqea#:~:text=Le%20Secr%C3%A9tariat%2C%20dont%20le%20ministre,les%20minist%C3%A8res%20et%20organismes%20concern%C3%A9s\" target=\"_blank\" rel=\"noopener\">Secr\u00e9tariat aux relations avec les Qu\u00e9b\u00e9cois d\u2019expression anglaise<\/a>.<\/p>\n\t\t\t\t\t\t\t\t<\/div>\n\t\t\t\t<\/div>\n\t\t\t\t<\/div>\n\t\t<div class=\"elementor-element elementor-element-3841742 e-con-full e-flex e-con e-child\" data-id=\"3841742\" data-element_type=\"container\" data-e-type=\"container\">\n\t\t\t\t<div class=\"elementor-element elementor-element-6cfeac5 elementor-widget elementor-widget-image\" data-id=\"6cfeac5\" data-element_type=\"widget\" data-e-type=\"widget\" data-widget_type=\"image.default\">\n\t\t\t\t<div class=\"elementor-widget-container\">\n\t\t\t\t\t\t\t\t\t\t\t\t\t\t\t<img fetchpriority=\"high\" decoding=\"async\" width=\"862\" height=\"736\" src=\"https:\/\/regdevnet.ca\/wp-content\/uploads\/2023\/08\/Group-33@2x.webp\" class=\"attachment-large size-large wp-image-1171\" alt=\"8 people on a meeting desk, with their laptops\" srcset=\"https:\/\/regdevnet.ca\/wp-content\/uploads\/2023\/08\/Group-33@2x.webp 862w, https:\/\/regdevnet.ca\/wp-content\/uploads\/2023\/08\/Group-33@2x-300x256.webp 300w\" sizes=\"(max-width: 862px) 100vw, 862px\" \/>\t\t\t\t\t\t\t\t\t\t\t\t\t\t\t<\/div>\n\t\t\t\t<\/div>\n\t\t\t\t<\/div>\n\t\t\t\t\t<\/div>\n\t\t\t\t<\/div>\n\t\t<div class=\"elementor-element elementor-element-3fce2da elementor-hidden-widescreen elementor-hidden-desktop elementor-hidden-tablet elementor-hidden-mobile e-flex e-con-boxed e-con e-parent\" data-id=\"3fce2da\" data-element_type=\"container\" data-e-type=\"container\">\n\t\t\t\t\t<div class=\"e-con-inner\">\n\t\t<div class=\"elementor-element elementor-element-fe74c16 e-con-full e-flex e-con e-child\" data-id=\"fe74c16\" data-element_type=\"container\" data-e-type=\"container\">\n\t\t\t\t<\/div>\n\t\t<div class=\"elementor-element elementor-element-32cf425 e-con-full e-flex e-con e-child\" data-id=\"32cf425\" data-element_type=\"container\" data-e-type=\"container\">\n\t\t\t\t<div class=\"elementor-element elementor-element-ffd57eb elementor-widget elementor-widget-image\" data-id=\"ffd57eb\" data-element_type=\"widget\" data-e-type=\"widget\" data-widget_type=\"image.default\">\n\t\t\t\t<div class=\"elementor-widget-container\">\n\t\t\t\t\t\t\t\t\t\t\t\t\t\t\t\t<a href=\"https:\/\/www.quebec.ca\/gouvernement\/ministeres-et-organismes\/srqea#:~:text=Le%20Secr%C3%A9tariat%2C%20dont%20le%20ministre,les%20minist%C3%A8res%20et%20organismes%20concern%C3%A9s.\" target=\"_blank\" rel=\"nofollow\">\n\t\t\t\t\t\t\t<img decoding=\"async\" width=\"248\" height=\"106\" src=\"https:\/\/regdevnet.ca\/wp-content\/uploads\/2023\/07\/SRQEA_couleur.svg\" class=\"attachment-large size-large wp-image-5553\" alt=\"Secr\u00e9tariat aux relations avec les Qu\u00e9b\u00e9cois d\u2019expression anglaise logo\" \/>\t\t\t\t\t\t\t\t<\/a>\n\t\t\t\t\t\t\t\t\t\t\t\t\t\t\t<\/div>\n\t\t\t\t<\/div>\n\t\t\t\t<div class=\"elementor-element elementor-element-223ad32 elementor-widget elementor-widget-image\" data-id=\"223ad32\" data-element_type=\"widget\" data-e-type=\"widget\" data-widget_type=\"image.default\">\n\t\t\t\t<div class=\"elementor-widget-container\">\n\t\t\t\t\t\t\t\t\t\t\t\t\t\t\t\t<a href=\"https:\/\/pertquebec.ca\/\" target=\"_blank\" rel=\"nofollow\">\n\t\t\t\t\t\t\t<img decoding=\"async\" width=\"727\" height=\"714\" src=\"https:\/\/regdevnet.ca\/wp-content\/uploads\/2023\/11\/pert-logo.png\" class=\"attachment-large size-large wp-image-5731\" alt=\"Logo of PERT (Provincial Employment Roundtable)\" srcset=\"https:\/\/regdevnet.ca\/wp-content\/uploads\/2023\/11\/pert-logo.png 727w, https:\/\/regdevnet.ca\/wp-content\/uploads\/2023\/11\/pert-logo-300x295.png 300w\" sizes=\"(max-width: 727px) 100vw, 727px\" \/>\t\t\t\t\t\t\t\t<\/a>\n\t\t\t\t\t\t\t\t\t\t\t\t\t\t\t<\/div>\n\t\t\t\t<\/div>\n\t\t\t\t<div class=\"elementor-element elementor-element-5956a40 elementor-widget elementor-widget-image\" data-id=\"5956a40\" data-element_type=\"widget\" data-e-type=\"widget\" data-widget_type=\"image.default\">\n\t\t\t\t<div class=\"elementor-widget-container\">\n\t\t\t\t\t\t\t\t\t\t\t\t\t\t\t\t<a href=\"https:\/\/yesmontreal.ca\/\" target=\"_blank\" rel=\"nofollow\">\n\t\t\t\t\t\t\t<img loading=\"lazy\" decoding=\"async\" width=\"1024\" height=\"846\" src=\"https:\/\/regdevnet.ca\/wp-content\/uploads\/2023\/11\/yes-logo-1024x846.webp\" class=\"attachment-large size-large wp-image-5733\" alt=\"Logo of YES\" srcset=\"https:\/\/regdevnet.ca\/wp-content\/uploads\/2023\/11\/yes-logo-1024x846.webp 1024w, https:\/\/regdevnet.ca\/wp-content\/uploads\/2023\/11\/yes-logo-300x248.webp 300w, https:\/\/regdevnet.ca\/wp-content\/uploads\/2023\/11\/yes-logo-1536x1269.webp 1536w, https:\/\/regdevnet.ca\/wp-content\/uploads\/2023\/11\/yes-logo-2048x1692.webp 2048w\" sizes=\"(max-width: 1024px) 100vw, 1024px\" \/>\t\t\t\t\t\t\t\t<\/a>\n\t\t\t\t\t\t\t\t\t\t\t\t\t\t\t<\/div>\n\t\t\t\t<\/div>\n\t\t\t\t<div class=\"elementor-element elementor-element-d5a06d9 elementor-widget elementor-widget-text-editor\" data-id=\"d5a06d9\" data-element_type=\"widget\" data-e-type=\"widget\" data-widget_type=\"text-editor.default\">\n\t\t\t\t<div class=\"elementor-widget-container\">\n\t\t\t\t\t\t\t\t\t<p>Ce programme est financ\u00e9 par le Secr\u00e9tariat aux relations avec les Qu\u00e9b\u00e9cois d\u2019expression anglaise.<\/p>\n\t\t\t\t\t\t\t\t<\/div>\n\t\t\t\t<\/div>\n\t\t\t\t<\/div>\n\t\t<div class=\"elementor-element elementor-element-34b3195 e-con-full e-flex e-con e-child\" data-id=\"34b3195\" data-element_type=\"container\" data-e-type=\"container\">\n\t\t\t\t<\/div>\n\t\t\t\t\t<\/div>\n\t\t\t\t<\/div>\n\t\t<div class=\"elementor-element elementor-element-060a060 e-flex e-con-boxed e-con e-parent\" data-id=\"060a060\" data-element_type=\"container\" data-e-type=\"container\" data-settings=\"{&quot;background_background&quot;:&quot;classic&quot;,&quot;background_motion_fx_motion_fx_mouse&quot;:&quot;yes&quot;}\">\n\t\t\t\t\t<div class=\"e-con-inner\">\n\t\t\t\t<div class=\"elementor-element elementor-element-20c8f93 elementor-widget elementor-widget-text-editor\" data-id=\"20c8f93\" data-element_type=\"widget\" data-e-type=\"widget\" data-widget_type=\"text-editor.default\">\n\t\t\t\t<div class=\"elementor-widget-container\">\n\t\t\t\t\t\t\t\t\t<p>Vous souhaitez am\u00e9liorer vos comp\u00e9tences en fran\u00e7ais pour progresser dans votre carri\u00e8re?<\/p>\n\t\t\t\t\t\t\t\t<\/div>\n\t\t\t\t<\/div>\n\t\t\t\t<div class=\"elementor-element elementor-element-5ea4767 elementor-widget elementor-widget-text-editor\" data-id=\"5ea4767\" data-element_type=\"widget\" data-e-type=\"widget\" data-widget_type=\"text-editor.default\">\n\t\t\t\t<div class=\"elementor-widget-container\">\n\t\t\t\t\t\t\t\t\t<p>Pour de plus amples informations, \u00e9crivez \u00e0 Rachel \u00e0 l\u2019adresse <a href=\"mailto:rachel@regdevnet.ca\">rachel@regdevnet.ca<\/a>.<\/p>\n\t\t\t\t\t\t\t\t<\/div>\n\t\t\t\t<\/div>\n\t\t\t\t<div class=\"elementor-element elementor-element-e17f93a elementor-widget elementor-widget-button\" data-id=\"e17f93a\" data-element_type=\"widget\" data-e-type=\"widget\" data-widget_type=\"button.default\">\n\t\t\t\t<div class=\"elementor-widget-container\">\n\t\t\t\t\t\t\t\t\t<div class=\"elementor-button-wrapper\">\n\t\t\t\t\t<a class=\"elementor-button elementor-button-link elementor-size-sm\" href=\"https:\/\/forms.office.com\/pages\/responsepage.aspx?id=XH6sJCM14ESjKYUJBOVJSTyaFm1Jr_FMtRVlZODp2SBUMjg2WEZJQzlLS0tCQlk4TjAzOEY0NlkxSCQlQCN0PWcu\" target=\"_blank\">\n\t\t\t\t\t\t<span class=\"elementor-button-content-wrapper\">\n\t\t\t\t\t\t<span class=\"elementor-button-icon\">\n\t\t\t\t<i aria-hidden=\"true\" class=\"fas fa-arrow-right\"><\/i>\t\t\t<\/span>\n\t\t\t\t\t\t\t\t\t<span class=\"elementor-button-text\">Inscrivez-vous d\u00e8s maintenant<\/span>\n\t\t\t\t\t<\/span>\n\t\t\t\t\t<\/a>\n\t\t\t\t<\/div>\n\t\t\t\t\t\t\t\t<\/div>\n\t\t\t\t<\/div>\n\t\t\t\t\t<\/div>\n\t\t\t\t<\/div>\n\t\t\t\t<\/div>\n\t\t","protected":false},"excerpt":{"rendered":"<p>PROGRAMMES PROGRAMME FRENCH FOR THE WORKFORCE Ouvert aux individus d\u2019expression anglaise de partout au Qu\u00e9bec, French for the Workforce a vis\u00e9 \u00e0 aider les membres du programme \u00e0 am\u00e9liorer leur fran\u00e7ais afin de progresser dans leur carri\u00e8re. Chaque personne a travaill\u00e9 sur son CV, sa lettre de pr\u00e9sentation, sa pr\u00e9paration aux entretiens d\u2019embauche et sa <a href=\"https:\/\/regdevnet.ca\/fr\/programmes\/programme-french-for-the-workforce\/\" class=\"more-link\">&#8230;<\/a><\/p>\n","protected":false},"author":5,"featured_media":1171,"parent":2586,"menu_order":0,"comment_status":"closed","ping_status":"closed","template":"","meta":{"_monsterinsights_skip_tracking":false,"_monsterinsights_sitenote_active":false,"_monsterinsights_sitenote_note":"","_monsterinsights_sitenote_category":0,"footnotes":""},"class_list":["post-2608","page","type-page","status-publish","has-post-thumbnail","hentry"],"_links":{"self":[{"href":"https:\/\/regdevnet.ca\/fr\/wp-json\/wp\/v2\/pages\/2608","targetHints":{"allow":["GET"]}}],"collection":[{"href":"https:\/\/regdevnet.ca\/fr\/wp-json\/wp\/v2\/pages"}],"about":[{"href":"https:\/\/regdevnet.ca\/fr\/wp-json\/wp\/v2\/types\/page"}],"author":[{"embeddable":true,"href":"https:\/\/regdevnet.ca\/fr\/wp-json\/wp\/v2\/users\/5"}],"replies":[{"embeddable":true,"href":"https:\/\/regdevnet.ca\/fr\/wp-json\/wp\/v2\/comments?post=2608"}],"version-history":[{"count":26,"href":"https:\/\/regdevnet.ca\/fr\/wp-json\/wp\/v2\/pages\/2608\/revisions"}],"predecessor-version":[{"id":9120,"href":"https:\/\/regdevnet.ca\/fr\/wp-json\/wp\/v2\/pages\/2608\/revisions\/9120"}],"up":[{"embeddable":true,"href":"https:\/\/regdevnet.ca\/fr\/wp-json\/wp\/v2\/pages\/2586"}],"wp:featuredmedia":[{"embeddable":true,"href":"https:\/\/regdevnet.ca\/fr\/wp-json\/wp\/v2\/media\/1171"}],"wp:attachment":[{"href":"https:\/\/regdevnet.ca\/fr\/wp-json\/wp\/v2\/media?parent=2608"}],"curies":[{"name":"wp","href":"https:\/\/api.w.org\/{rel}","templated":true}]}}