{"id":2604,"date":"2023-08-09T12:30:13","date_gmt":"2023-08-09T16:30:13","guid":{"rendered":"https:\/\/staging.see-net.ca\/programmes\/projet-community-mobilization\/"},"modified":"2026-04-09T10:23:06","modified_gmt":"2026-04-09T14:23:06","slug":"projet-community-mobilization","status":"publish","type":"page","link":"https:\/\/regdevnet.ca\/fr\/programmes\/projet-community-mobilization\/","title":{"rendered":"Projet Community Mobilization"},"content":{"rendered":"\t\t<div data-elementor-type=\"wp-page\" data-elementor-id=\"2604\" class=\"elementor elementor-2604 elementor-1087\" data-elementor-post-type=\"page\">\n\t\t\t\t<div class=\"elementor-element elementor-element-4177257 e-flex e-con-boxed e-con e-parent\" data-id=\"4177257\" data-element_type=\"container\" data-e-type=\"container\" data-settings=\"{&quot;background_background&quot;:&quot;classic&quot;}\">\n\t\t\t\t\t<div class=\"e-con-inner\">\n\t\t\t\t<div class=\"elementor-element elementor-element-dba2c6d elementor-widget elementor-widget-heading\" data-id=\"dba2c6d\" data-element_type=\"widget\" data-e-type=\"widget\" data-widget_type=\"heading.default\">\n\t\t\t\t<div class=\"elementor-widget-container\">\n\t\t\t\t\t<h2 class=\"elementor-heading-title elementor-size-default\">PROGRAMMES<\/h2>\t\t\t\t<\/div>\n\t\t\t\t<\/div>\n\t\t\t\t\t<\/div>\n\t\t\t\t<\/div>\n\t\t<div class=\"elementor-element elementor-element-053fe4c e-flex e-con-boxed e-con e-parent\" data-id=\"053fe4c\" data-element_type=\"container\" data-e-type=\"container\" data-settings=\"{&quot;background_background&quot;:&quot;classic&quot;}\">\n\t\t\t\t\t<div class=\"e-con-inner\">\n\t\t<div class=\"elementor-element elementor-element-623d191 e-con-full e-flex e-con e-child\" data-id=\"623d191\" data-element_type=\"container\" data-e-type=\"container\" data-settings=\"{&quot;background_background&quot;:&quot;classic&quot;}\">\n\t\t\t\t<div class=\"elementor-element elementor-element-7e03efd elementor-widget elementor-widget-heading\" data-id=\"7e03efd\" data-element_type=\"widget\" data-e-type=\"widget\" data-widget_type=\"heading.default\">\n\t\t\t\t<div class=\"elementor-widget-container\">\n\t\t\t\t\t<h2 class=\"elementor-heading-title elementor-size-default\">PROJET COMMUNITY MOBILIZATION 2023\u20132025<\/h2>\t\t\t\t<\/div>\n\t\t\t\t<\/div>\n\t\t\t\t<div class=\"elementor-element elementor-element-9a88337 elementor-widget elementor-widget-text-editor\" data-id=\"9a88337\" data-element_type=\"widget\" data-e-type=\"widget\" data-widget_type=\"text-editor.default\">\n\t\t\t\t<div class=\"elementor-widget-container\">\n\t\t\t\t\t\t\t\t\t<p><span style=\"font-weight: 400;\">Le projet Community Mobilization (Mobilisation communautaire) a fourni des informations l\u00e9gales aux organismes membres du RDR, \u00e0 leurs communaut\u00e9s ainsi qu\u2019au public. En collaboration avec <a href=\"https:\/\/educaloi.qc.ca\" target=\"_blank\" rel=\"noopener\">\u00c9ducaloi<\/a>, le projet Community Mobilization a \u00e9t\u00e9 financ\u00e9 par le <a href=\"https:\/\/www.quebec.ca\/gouvernement\/ministeres-et-organismes\/srqea#:~:text=Le%20Secr%C3%A9tariat%2C%20dont%20le%20ministre,les%20minist%C3%A8res%20et%20organismes%20concern%C3%A9s.\" target=\"_blank\" rel=\"noopener\">Secr\u00e9tariat aux relations avec les Qu\u00e9b\u00e9cois d\u2019expression anglaise<\/a>. <\/span><\/p><p><span style=\"font-weight: 400;\">Les objectifs du projet ont \u00e9t\u00e9 d\u2019am\u00e9liorer la connaissance des Qu\u00e9b\u00e9cois et Qu\u00e9b\u00e9coises d\u2019expression anglaise sur les th\u00e8mes l\u00e9gaux de la vie quotidienne, d\u2019am\u00e9liorer leur capacit\u00e9 \u00e0 prendre des mesures l\u00e9gales, d\u2019am\u00e9liorer la capacit\u00e9 des organismes \u00e0 fournir des informations l\u00e9gales et \u00e0 r\u00e9f\u00e9rer aux ressources l\u00e9gales appropri\u00e9es ainsi que de promouvoir les ressources en ligne et imprim\u00e9es d\u2019\u00c9ducaloi. Chaque ann\u00e9e, le RDR et \u00c9ducaloi ont offert six ateliers d\u2019informations l\u00e9gales portant sur des th\u00e8mes demand\u00e9s par les organismes membres du RDR.<\/span><\/p>\t\t\t\t\t\t\t\t<\/div>\n\t\t\t\t<\/div>\n\t\t\t\t<\/div>\n\t\t<div class=\"elementor-element elementor-element-3841742 e-con-full e-flex e-con e-child\" data-id=\"3841742\" data-element_type=\"container\" data-e-type=\"container\">\n\t\t\t\t<div class=\"elementor-element elementor-element-6cfeac5 elementor-widget elementor-widget-image\" data-id=\"6cfeac5\" data-element_type=\"widget\" data-e-type=\"widget\" data-widget_type=\"image.default\">\n\t\t\t\t<div class=\"elementor-widget-container\">\n\t\t\t\t\t\t\t\t\t\t\t\t\t\t\t<img fetchpriority=\"high\" decoding=\"async\" width=\"862\" height=\"736\" src=\"https:\/\/regdevnet.ca\/wp-content\/uploads\/2023\/08\/Group-33@2x.webp\" class=\"attachment-large size-large wp-image-1171\" alt=\"8 people on a meeting desk, with their laptops\" srcset=\"https:\/\/regdevnet.ca\/wp-content\/uploads\/2023\/08\/Group-33@2x.webp 862w, https:\/\/regdevnet.ca\/wp-content\/uploads\/2023\/08\/Group-33@2x-300x256.webp 300w\" sizes=\"(max-width: 862px) 100vw, 862px\" \/>\t\t\t\t\t\t\t\t\t\t\t\t\t\t\t<\/div>\n\t\t\t\t<\/div>\n\t\t\t\t<\/div>\n\t\t\t\t\t<\/div>\n\t\t\t\t<\/div>\n\t\t<div class=\"elementor-element elementor-element-060a060 e-flex e-con-boxed e-con e-parent\" data-id=\"060a060\" data-element_type=\"container\" data-e-type=\"container\" data-settings=\"{&quot;background_background&quot;:&quot;classic&quot;,&quot;background_motion_fx_motion_fx_mouse&quot;:&quot;yes&quot;}\">\n\t\t\t\t\t<div class=\"e-con-inner\">\n\t\t\t\t<div class=\"elementor-element elementor-element-20c8f93 elementor-widget elementor-widget-text-editor\" data-id=\"20c8f93\" data-element_type=\"widget\" data-e-type=\"widget\" data-widget_type=\"text-editor.default\">\n\t\t\t\t<div class=\"elementor-widget-container\">\n\t\t\t\t\t\t\t\t\t<p>Lisez nos derni\u00e8res nouvelles pour en apprendre davantage sur notre travail avec le projet Community Mobilization.<\/p>\n\t\t\t\t\t\t\t\t<\/div>\n\t\t\t\t<\/div>\n\t\t\t\t<div class=\"elementor-element elementor-element-e17f93a elementor-widget elementor-widget-button\" data-id=\"e17f93a\" data-element_type=\"widget\" data-e-type=\"widget\" data-widget_type=\"button.default\">\n\t\t\t\t<div class=\"elementor-widget-container\">\n\t\t\t\t\t\t\t\t\t<div class=\"elementor-button-wrapper\">\n\t\t\t\t\t<a class=\"elementor-button elementor-button-link elementor-size-sm\" href=\"https:\/\/regdevnet.ca\/fr\/nouvelles\/\">\n\t\t\t\t\t\t<span class=\"elementor-button-content-wrapper\">\n\t\t\t\t\t\t<span class=\"elementor-button-icon\">\n\t\t\t\t<i aria-hidden=\"true\" class=\"fas fa-arrow-right\"><\/i>\t\t\t<\/span>\n\t\t\t\t\t\t\t\t\t<span class=\"elementor-button-text\">En savoir plus<\/span>\n\t\t\t\t\t<\/span>\n\t\t\t\t\t<\/a>\n\t\t\t\t<\/div>\n\t\t\t\t\t\t\t\t<\/div>\n\t\t\t\t<\/div>\n\t\t\t\t\t<\/div>\n\t\t\t\t<\/div>\n\t\t\t\t<\/div>\n\t\t","protected":false},"excerpt":{"rendered":"<p>PROGRAMMES PROJET COMMUNITY MOBILIZATION 2023\u20132025 Le projet Community Mobilization (Mobilisation communautaire) a fourni des informations l\u00e9gales aux organismes membres du RDR, \u00e0 leurs communaut\u00e9s ainsi qu\u2019au public. En collaboration avec \u00c9ducaloi, le projet Community Mobilization a \u00e9t\u00e9 financ\u00e9 par le Secr\u00e9tariat aux relations avec les Qu\u00e9b\u00e9cois d\u2019expression anglaise. Les objectifs du projet ont \u00e9t\u00e9 d\u2019am\u00e9liorer <a href=\"https:\/\/regdevnet.ca\/fr\/programmes\/projet-community-mobilization\/\" class=\"more-link\">&#8230;<\/a><\/p>\n","protected":false},"author":5,"featured_media":1171,"parent":2586,"menu_order":0,"comment_status":"closed","ping_status":"closed","template":"","meta":{"_monsterinsights_skip_tracking":false,"_monsterinsights_sitenote_active":false,"_monsterinsights_sitenote_note":"","_monsterinsights_sitenote_category":0,"footnotes":""},"class_list":["post-2604","page","type-page","status-publish","has-post-thumbnail","hentry"],"_links":{"self":[{"href":"https:\/\/regdevnet.ca\/fr\/wp-json\/wp\/v2\/pages\/2604","targetHints":{"allow":["GET"]}}],"collection":[{"href":"https:\/\/regdevnet.ca\/fr\/wp-json\/wp\/v2\/pages"}],"about":[{"href":"https:\/\/regdevnet.ca\/fr\/wp-json\/wp\/v2\/types\/page"}],"author":[{"embeddable":true,"href":"https:\/\/regdevnet.ca\/fr\/wp-json\/wp\/v2\/users\/5"}],"replies":[{"embeddable":true,"href":"https:\/\/regdevnet.ca\/fr\/wp-json\/wp\/v2\/comments?post=2604"}],"version-history":[{"count":30,"href":"https:\/\/regdevnet.ca\/fr\/wp-json\/wp\/v2\/pages\/2604\/revisions"}],"predecessor-version":[{"id":11771,"href":"https:\/\/regdevnet.ca\/fr\/wp-json\/wp\/v2\/pages\/2604\/revisions\/11771"}],"up":[{"embeddable":true,"href":"https:\/\/regdevnet.ca\/fr\/wp-json\/wp\/v2\/pages\/2586"}],"wp:featuredmedia":[{"embeddable":true,"href":"https:\/\/regdevnet.ca\/fr\/wp-json\/wp\/v2\/media\/1171"}],"wp:attachment":[{"href":"https:\/\/regdevnet.ca\/fr\/wp-json\/wp\/v2\/media?parent=2604"}],"curies":[{"name":"wp","href":"https:\/\/api.w.org\/{rel}","templated":true}]}}