{"id":2596,"date":"2023-08-09T11:45:28","date_gmt":"2023-08-09T15:45:28","guid":{"rendered":"https:\/\/staging.see-net.ca\/programmes\/seenet\/"},"modified":"2025-08-04T16:18:09","modified_gmt":"2025-08-04T20:18:09","slug":"seenet","status":"publish","type":"page","link":"https:\/\/regdevnet.ca\/fr\/programmes\/seenet\/","title":{"rendered":"SEEnet"},"content":{"rendered":"\t\t<div data-elementor-type=\"wp-page\" data-elementor-id=\"2596\" class=\"elementor elementor-2596 elementor-1062\" data-elementor-post-type=\"page\">\n\t\t\t\t<div class=\"elementor-element elementor-element-ab7320d e-flex e-con-boxed e-con e-parent\" data-id=\"ab7320d\" data-element_type=\"container\" data-e-type=\"container\" data-settings=\"{&quot;background_background&quot;:&quot;classic&quot;}\">\n\t\t\t\t\t<div class=\"e-con-inner\">\n\t\t\t\t<div class=\"elementor-element elementor-element-ce54bf5 elementor-widget elementor-widget-heading\" data-id=\"ce54bf5\" data-element_type=\"widget\" data-e-type=\"widget\" data-widget_type=\"heading.default\">\n\t\t\t\t<div class=\"elementor-widget-container\">\n\t\t\t\t\t<h2 class=\"elementor-heading-title elementor-size-default\">PROGRAMMES<\/h2>\t\t\t\t<\/div>\n\t\t\t\t<\/div>\n\t\t\t\t\t<\/div>\n\t\t\t\t<\/div>\n\t\t<div class=\"elementor-element elementor-element-053fe4c e-flex e-con-boxed e-con e-parent\" data-id=\"053fe4c\" data-element_type=\"container\" data-e-type=\"container\" data-settings=\"{&quot;background_background&quot;:&quot;classic&quot;}\">\n\t\t\t\t\t<div class=\"e-con-inner\">\n\t\t<div class=\"elementor-element elementor-element-623d191 e-con-full e-flex e-con e-child\" data-id=\"623d191\" data-element_type=\"container\" data-e-type=\"container\" data-settings=\"{&quot;background_background&quot;:&quot;classic&quot;}\">\n\t\t\t\t<div class=\"elementor-element elementor-element-7e03efd elementor-widget elementor-widget-heading\" data-id=\"7e03efd\" data-element_type=\"widget\" data-e-type=\"widget\" data-widget_type=\"heading.default\">\n\t\t\t\t<div class=\"elementor-widget-container\">\n\t\t\t\t\t<h2 class=\"elementor-heading-title elementor-size-default\">SEEnet<\/h2>\t\t\t\t<\/div>\n\t\t\t\t<\/div>\n\t\t\t\t<div class=\"elementor-element elementor-element-9a88337 elementor-widget elementor-widget-text-editor\" data-id=\"9a88337\" data-element_type=\"widget\" data-e-type=\"widget\" data-widget_type=\"text-editor.default\">\n\t\t\t\t<div class=\"elementor-widget-container\">\n\t\t\t\t\t\t\t\t\t<p><span style=\"font-weight: 400;\">SEEnet (Social Economy English-Speaking Network) est l\u2019initiative d\u2019\u00e9conomie sociale du RDR. Financ\u00e9 par le <a href=\"https:\/\/www.quebec.ca\/gouvernement\/ministeres-et-organismes\/srqea#:~:text=Le%20Secr%C3%A9tariat%2C%20dont%20le%20ministre,les%20minist%C3%A8res%20et%20organismes%20concern%C3%A9s\" target=\"_blank\" rel=\"noopener\">Secr\u00e9tariat aux relations avec les Qu\u00e9b\u00e9cois d\u2019expression anglaise<\/a>, <\/span><span style=\"font-weight: 400;\">SEEnet a \u00e9t\u00e9 lanc\u00e9 afin d\u2019augmenter la participation des Qu\u00e9b\u00e9cois et Qu\u00e9b\u00e9coises d\u2019expression anglaise dans l\u2019\u00e9conomie sociale et solidaire.<\/span><\/p><p><span style=\"font-weight: 400;\">SEEnet agit strat\u00e9giquement en mobilisant le savoir communautaire, en exploitant les ressources disponibles et en renfor\u00e7ant des capacit\u00e9s afin que les communaut\u00e9s d\u2019expression anglaise puissent mettre en place des projets novateurs. Nous offrons des conf\u00e9rences, des consultations et du mentorat aux coop\u00e9ratives ainsi qu\u2019aux organismes \u00e0 but non lucratif pour favoriser leur croissance \u00e0 long terme. En \u00e9tablissant des liens solides et des partenariats partout \u00e0 travers la province, SEEnet contribue \u00e0 l\u2019avancement de projets novateurs qui favorisent les opportunit\u00e9s \u00e9conomiques et sociales au sein des communaut\u00e9s d\u2019expression anglaise. <\/span><\/p>\t\t\t\t\t\t\t\t<\/div>\n\t\t\t\t<\/div>\n\t\t\t\t<\/div>\n\t\t<div class=\"elementor-element elementor-element-3841742 e-con-full e-flex e-con e-child\" data-id=\"3841742\" data-element_type=\"container\" data-e-type=\"container\">\n\t\t\t\t<div class=\"elementor-element elementor-element-6cfeac5 elementor-widget elementor-widget-image\" data-id=\"6cfeac5\" data-element_type=\"widget\" data-e-type=\"widget\" data-widget_type=\"image.default\">\n\t\t\t\t<div class=\"elementor-widget-container\">\n\t\t\t\t\t\t\t\t\t\t\t\t\t\t\t<img fetchpriority=\"high\" decoding=\"async\" width=\"862\" height=\"736\" src=\"https:\/\/regdevnet.ca\/wp-content\/uploads\/2025\/02\/SEEnet-1.png\" class=\"attachment-large size-large wp-image-9621\" alt=\"Overhead image of a snow removal vehicle driving down the road.\" srcset=\"https:\/\/regdevnet.ca\/wp-content\/uploads\/2025\/02\/SEEnet-1.png 862w, https:\/\/regdevnet.ca\/wp-content\/uploads\/2025\/02\/SEEnet-1-300x256.png 300w\" sizes=\"(max-width: 862px) 100vw, 862px\" \/>\t\t\t\t\t\t\t\t\t\t\t\t\t\t\t<\/div>\n\t\t\t\t<\/div>\n\t\t\t\t<\/div>\n\t\t\t\t\t<\/div>\n\t\t\t\t<\/div>\n\t\t<div class=\"elementor-element elementor-element-060a060 e-flex e-con-boxed e-con e-parent\" data-id=\"060a060\" data-element_type=\"container\" data-e-type=\"container\" data-settings=\"{&quot;background_background&quot;:&quot;classic&quot;,&quot;background_motion_fx_motion_fx_mouse&quot;:&quot;yes&quot;}\">\n\t\t\t\t\t<div class=\"e-con-inner\">\n\t\t\t\t<div class=\"elementor-element elementor-element-b36afe7 elementor-widget elementor-widget-image\" data-id=\"b36afe7\" data-element_type=\"widget\" data-e-type=\"widget\" data-widget_type=\"image.default\">\n\t\t\t\t<div class=\"elementor-widget-container\">\n\t\t\t\t\t\t\t\t\t\t\t\t\t\t\t\t<a href=\"https:\/\/see-net.ca\/\" target=\"_blank\">\n\t\t\t\t\t\t\t<img decoding=\"async\" width=\"680\" height=\"194\" src=\"https:\/\/regdevnet.ca\/wp-content\/uploads\/2023\/11\/SEEnet-Logo-Reverse.svg\" class=\"attachment-large size-large wp-image-5616\" alt=\"SEEnet Logo\" \/>\t\t\t\t\t\t\t\t<\/a>\n\t\t\t\t\t\t\t\t\t\t\t\t\t\t\t<\/div>\n\t\t\t\t<\/div>\n\t\t\t\t<div class=\"elementor-element elementor-element-20c8f93 elementor-widget elementor-widget-text-editor\" data-id=\"20c8f93\" data-element_type=\"widget\" data-e-type=\"widget\" data-widget_type=\"text-editor.default\">\n\t\t\t\t<div class=\"elementor-widget-container\">\n\t\t\t\t\t\t\t\t\t<p><span style=\"font-weight: 400;\">SEEnet a \u00e9t\u00e9 lanc\u00e9 afin d\u2019augmenter la participation des Qu\u00e9b\u00e9cois et Qu\u00e9b\u00e9coises d\u2019expression anglaise dans l\u2019\u00e9conomie sociale et solidaire.<\/span><\/p>\n\t\t\t\t\t\t\t\t<\/div>\n\t\t\t\t<\/div>\n\t\t\t\t<div class=\"elementor-element elementor-element-e17f93a elementor-widget elementor-widget-button\" data-id=\"e17f93a\" data-element_type=\"widget\" data-e-type=\"widget\" data-widget_type=\"button.default\">\n\t\t\t\t<div class=\"elementor-widget-container\">\n\t\t\t\t\t\t\t\t\t<div class=\"elementor-button-wrapper\">\n\t\t\t\t\t<a class=\"elementor-button elementor-button-link elementor-size-sm\" href=\"https:\/\/see-net.ca\/\" target=\"_blank\">\n\t\t\t\t\t\t<span class=\"elementor-button-content-wrapper\">\n\t\t\t\t\t\t<span class=\"elementor-button-icon\">\n\t\t\t\t<i aria-hidden=\"true\" class=\"fas fa-arrow-right\"><\/i>\t\t\t<\/span>\n\t\t\t\t\t\t\t\t\t<span class=\"elementor-button-text\">En savoir plus<\/span>\n\t\t\t\t\t<\/span>\n\t\t\t\t\t<\/a>\n\t\t\t\t<\/div>\n\t\t\t\t\t\t\t\t<\/div>\n\t\t\t\t<\/div>\n\t\t\t\t\t<\/div>\n\t\t\t\t<\/div>\n\t\t\t\t<\/div>\n\t\t","protected":false},"excerpt":{"rendered":"<p>PROGRAMMES SEEnet SEEnet (Social Economy English-Speaking Network) est l\u2019initiative d\u2019\u00e9conomie sociale du RDR. Financ\u00e9 par le Secr\u00e9tariat aux relations avec les Qu\u00e9b\u00e9cois d\u2019expression anglaise, SEEnet a \u00e9t\u00e9 lanc\u00e9 afin d\u2019augmenter la participation des Qu\u00e9b\u00e9cois et Qu\u00e9b\u00e9coises d\u2019expression anglaise dans l\u2019\u00e9conomie sociale et solidaire. SEEnet agit strat\u00e9giquement en mobilisant le savoir communautaire, en exploitant les ressources <a href=\"https:\/\/regdevnet.ca\/fr\/programmes\/seenet\/\" class=\"more-link\">&#8230;<\/a><\/p>\n","protected":false},"author":5,"featured_media":5611,"parent":2586,"menu_order":0,"comment_status":"closed","ping_status":"closed","template":"","meta":{"_monsterinsights_skip_tracking":false,"_monsterinsights_sitenote_active":false,"_monsterinsights_sitenote_note":"","_monsterinsights_sitenote_category":0,"footnotes":""},"class_list":["post-2596","page","type-page","status-publish","has-post-thumbnail","hentry"],"_links":{"self":[{"href":"https:\/\/regdevnet.ca\/fr\/wp-json\/wp\/v2\/pages\/2596","targetHints":{"allow":["GET"]}}],"collection":[{"href":"https:\/\/regdevnet.ca\/fr\/wp-json\/wp\/v2\/pages"}],"about":[{"href":"https:\/\/regdevnet.ca\/fr\/wp-json\/wp\/v2\/types\/page"}],"author":[{"embeddable":true,"href":"https:\/\/regdevnet.ca\/fr\/wp-json\/wp\/v2\/users\/5"}],"replies":[{"embeddable":true,"href":"https:\/\/regdevnet.ca\/fr\/wp-json\/wp\/v2\/comments?post=2596"}],"version-history":[{"count":29,"href":"https:\/\/regdevnet.ca\/fr\/wp-json\/wp\/v2\/pages\/2596\/revisions"}],"predecessor-version":[{"id":10908,"href":"https:\/\/regdevnet.ca\/fr\/wp-json\/wp\/v2\/pages\/2596\/revisions\/10908"}],"up":[{"embeddable":true,"href":"https:\/\/regdevnet.ca\/fr\/wp-json\/wp\/v2\/pages\/2586"}],"wp:featuredmedia":[{"embeddable":true,"href":"https:\/\/regdevnet.ca\/fr\/wp-json\/wp\/v2\/media\/5611"}],"wp:attachment":[{"href":"https:\/\/regdevnet.ca\/fr\/wp-json\/wp\/v2\/media?parent=2596"}],"curies":[{"name":"wp","href":"https:\/\/api.w.org\/{rel}","templated":true}]}}