{"id":2582,"date":"2023-07-28T13:10:53","date_gmt":"2023-07-28T17:10:53","guid":{"rendered":"https:\/\/staging.see-net.ca\/cartes-de-donnees\/"},"modified":"2026-04-09T10:14:13","modified_gmt":"2026-04-09T14:14:13","slug":"cartes-de-donnees","status":"publish","type":"page","link":"https:\/\/regdevnet.ca\/fr\/cartes-de-donnees\/","title":{"rendered":"Cartes de donn\u00e9es"},"content":{"rendered":"\t\t<div data-elementor-type=\"wp-page\" data-elementor-id=\"2582\" class=\"elementor elementor-2582 elementor-363\" data-elementor-post-type=\"page\">\n\t\t\t\t<div class=\"elementor-element elementor-element-59e0cee e-flex e-con-boxed e-con e-parent\" data-id=\"59e0cee\" data-element_type=\"container\" data-e-type=\"container\" data-settings=\"{&quot;background_background&quot;:&quot;classic&quot;}\">\n\t\t\t\t\t<div class=\"e-con-inner\">\n\t\t\t\t<div class=\"elementor-element elementor-element-5dbc9c9 elementor-widget elementor-widget-heading\" data-id=\"5dbc9c9\" data-element_type=\"widget\" data-e-type=\"widget\" data-widget_type=\"heading.default\">\n\t\t\t\t<div class=\"elementor-widget-container\">\n\t\t\t\t\t<h2 class=\"elementor-heading-title elementor-size-default\">CARTES DE DONN\u00c9ES<\/h2>\t\t\t\t<\/div>\n\t\t\t\t<\/div>\n\t\t\t\t\t<\/div>\n\t\t\t\t<\/div>\n\t\t<div class=\"elementor-element elementor-element-99bbab1 e-flex e-con-boxed e-con e-parent\" data-id=\"99bbab1\" data-element_type=\"container\" data-e-type=\"container\" data-settings=\"{&quot;background_background&quot;:&quot;classic&quot;}\">\n\t\t\t\t\t<div class=\"e-con-inner\">\n\t\t<div class=\"elementor-element elementor-element-1d32d9b e-con-full e-flex e-con e-child\" data-id=\"1d32d9b\" data-element_type=\"container\" data-e-type=\"container\" data-settings=\"{&quot;background_background&quot;:&quot;classic&quot;}\">\n\t\t\t\t<div class=\"elementor-element elementor-element-1db172c elementor-widget elementor-widget-heading\" data-id=\"1db172c\" data-element_type=\"widget\" data-e-type=\"widget\" data-widget_type=\"heading.default\">\n\t\t\t\t<div class=\"elementor-widget-container\">\n\t\t\t\t\t<h2 class=\"elementor-heading-title elementor-size-default\">CARTES DE DONN\u00c9ES DU RDR<\/h2>\t\t\t\t<\/div>\n\t\t\t\t<\/div>\n\t\t\t\t<div class=\"elementor-element elementor-element-1106615 elementor-widget elementor-widget-text-editor\" data-id=\"1106615\" data-element_type=\"widget\" data-e-type=\"widget\" data-widget_type=\"text-editor.default\">\n\t\t\t\t<div class=\"elementor-widget-container\">\n\t\t\t\t\t\t\t\t\t<p><span style=\"font-weight: 400;\">L\u2019outil de cartographie dynamique du RDR offre un acc\u00e8s imm\u00e9diat \u00e0 des donn\u00e9es ayant trait au contexte socio-\u00e9conomique sp\u00e9cifiques \u00e0 l\u2019emplacement, comme les donn\u00e9es de population (dont la premi\u00e8re langue officielle parl\u00e9e), l\u2019emploi, le revenu et l\u2019\u00e9ducation. Toutes ces donn\u00e9es sont consid\u00e9r\u00e9es comme des mesures pertinentes permettant d\u2019\u00e9valuer la vitalit\u00e9 communautaire. <\/span><\/p><p><span style=\"font-weight: 400;\">Bas\u00e9es sur le recensement canadien de 2021, ces cartes interactives permettent de filtrer les donn\u00e9es portant sur la population d\u2019expression anglaise du Qu\u00e9bec. Gr\u00e2ce \u00e0 ces donn\u00e9es, il sera possible d\u2019obtenir une meilleure compr\u00e9hension des caract\u00e9ristiques de ces communaut\u00e9s, des raisons des enjeux socio-\u00e9conomiques et de leurs besoins.<\/span><\/p><p><span style=\"font-weight: 400;\">S\u00e9lectionnez et t\u00e9l\u00e9chargez des donn\u00e9es pour cr\u00e9er des ensembles de donn\u00e9es personnalis\u00e9s pour votre organisme d\u00e8s maintenant. <\/span><\/p>\t\t\t\t\t\t\t\t<\/div>\n\t\t\t\t<\/div>\n\t\t\t\t<div class=\"elementor-element elementor-element-a9e19b9 elementor-widget elementor-widget-button\" data-id=\"a9e19b9\" data-element_type=\"widget\" data-e-type=\"widget\" data-widget_type=\"button.default\">\n\t\t\t\t<div class=\"elementor-widget-container\">\n\t\t\t\t\t\t\t\t\t<div class=\"elementor-button-wrapper\">\n\t\t\t\t\t<a class=\"elementor-button elementor-button-link elementor-size-sm\" href=\"https:\/\/www.youtube.com\/watch?v=gA9KUN8BbHw&#038;t=38s\">\n\t\t\t\t\t\t<span class=\"elementor-button-content-wrapper\">\n\t\t\t\t\t\t\t\t\t<span class=\"elementor-button-text\">VOIR UNE VID\u00c9O D'EXPLICATION<\/span>\n\t\t\t\t\t<\/span>\n\t\t\t\t\t<\/a>\n\t\t\t\t<\/div>\n\t\t\t\t\t\t\t\t<\/div>\n\t\t\t\t<\/div>\n\t\t<div class=\"elementor-element elementor-element-a4cb342 e-con-full e-flex e-con e-child\" data-id=\"a4cb342\" data-element_type=\"container\" data-e-type=\"container\">\n\t\t\t\t<div class=\"elementor-element elementor-element-9358db0 elementor-widget elementor-widget-spacer\" data-id=\"9358db0\" data-element_type=\"widget\" data-e-type=\"widget\" data-widget_type=\"spacer.default\">\n\t\t\t\t<div class=\"elementor-widget-container\">\n\t\t\t\t\t\t\t<div class=\"elementor-spacer\">\n\t\t\t<div class=\"elementor-spacer-inner\"><\/div>\n\t\t<\/div>\n\t\t\t\t\t\t<\/div>\n\t\t\t\t<\/div>\n\t\t\t\t<\/div>\n\t\t\t\t<div class=\"elementor-element elementor-element-0be9e3e elementor-widget elementor-widget-heading\" data-id=\"0be9e3e\" data-element_type=\"widget\" data-e-type=\"widget\" data-widget_type=\"heading.default\">\n\t\t\t\t<div class=\"elementor-widget-container\">\n\t\t\t\t\t<h2 class=\"elementor-heading-title elementor-size-default\">UN OUTIL NOVATEUR<\/h2>\t\t\t\t<\/div>\n\t\t\t\t<\/div>\n\t\t\t\t<div class=\"elementor-element elementor-element-52551d0 elementor-widget elementor-widget-text-editor\" data-id=\"52551d0\" data-element_type=\"widget\" data-e-type=\"widget\" data-widget_type=\"text-editor.default\">\n\t\t\t\t<div class=\"elementor-widget-container\">\n\t\t\t\t\t\t\t\t\t<p><span style=\"font-weight: 400;\">L\u2019outil de cartographie du RDR permettra de g\u00e9n\u00e9rer des donn\u00e9es personnalis\u00e9es pour votre communaut\u00e9. Cet outil peut \u00eatre utilis\u00e9 pour :<\/span><\/p>\n<ul>\n<li>parvenir \u00e0 une meilleure compr\u00e9hension des caract\u00e9ristiques sp\u00e9cifiques des communaut\u00e9s d\u2019expression anglaise du Qu\u00e9bec,<\/li>\n<li>\u00e9valuer les besoins en mati\u00e8re de services communautaires,<\/li>\n<li>partager l\u2019histoire et les besoins de ces communaut\u00e9s avec les bailleurs de fonds et les parties prenantes.<\/li>\n<\/ul>\n\t\t\t\t\t\t\t\t<\/div>\n\t\t\t\t<\/div>\n\t\t\t\t<\/div>\n\t\t<div class=\"elementor-element elementor-element-7581054 e-con-full e-flex e-con e-child\" data-id=\"7581054\" data-element_type=\"container\" data-e-type=\"container\">\n\t\t\t\t<div class=\"elementor-element elementor-element-35f46da elementor-widget elementor-widget-image\" data-id=\"35f46da\" data-element_type=\"widget\" data-e-type=\"widget\" data-widget_type=\"image.default\">\n\t\t\t\t<div class=\"elementor-widget-container\">\n\t\t\t\t\t\t\t\t\t\t\t\t\t\t\t<img fetchpriority=\"high\" decoding=\"async\" width=\"847\" height=\"1024\" src=\"https:\/\/regdevnet.ca\/wp-content\/uploads\/2023\/07\/Group-30@2x-847x1024.webp\" class=\"attachment-large size-large wp-image-1167\" alt=\"\" srcset=\"https:\/\/regdevnet.ca\/wp-content\/uploads\/2023\/07\/Group-30@2x-847x1024.webp 847w, https:\/\/regdevnet.ca\/wp-content\/uploads\/2023\/07\/Group-30@2x-248x300.webp 248w, https:\/\/regdevnet.ca\/wp-content\/uploads\/2023\/07\/Group-30@2x.webp 910w\" sizes=\"(max-width: 847px) 100vw, 847px\" \/>\t\t\t\t\t\t\t\t\t\t\t\t\t\t\t<\/div>\n\t\t\t\t<\/div>\n\t\t\t\t<\/div>\n\t\t\t\t\t<\/div>\n\t\t\t\t<\/div>\n\t\t<div class=\"elementor-element elementor-element-92d20f5 e-con-full e-flex e-con e-parent\" data-id=\"92d20f5\" data-element_type=\"container\" data-e-type=\"container\" data-settings=\"{&quot;background_background&quot;:&quot;classic&quot;}\">\n\t\t\t\t<div class=\"elementor-element elementor-element-c217013 elementor-widget elementor-widget-html\" data-id=\"c217013\" data-element_type=\"widget\" data-e-type=\"widget\" data-widget_type=\"html.default\">\n\t\t\t\t<div class=\"elementor-widget-container\">\n\t\t\t\t\t<iframe src=\"https:\/\/experience.arcgis.com\/experience\/e87d87016a1a4bdb88fe81a14e9f037f\/page\/Fran%C3%A7ais\/\" style=\"height:100vh;\"><\/iframe>\t\t\t\t<\/div>\n\t\t\t\t<\/div>\n\t\t\t\t<\/div>\n\t\t\t\t<\/div>\n\t\t","protected":false},"excerpt":{"rendered":"<p>CARTES DE DONN\u00c9ES CARTES DE DONN\u00c9ES DU RDR L\u2019outil de cartographie dynamique du RDR offre un acc\u00e8s imm\u00e9diat \u00e0 des donn\u00e9es ayant trait au contexte socio-\u00e9conomique sp\u00e9cifiques \u00e0 l\u2019emplacement, comme les donn\u00e9es de population (dont la premi\u00e8re langue officielle parl\u00e9e), l\u2019emploi, le revenu et l\u2019\u00e9ducation. Toutes ces donn\u00e9es sont consid\u00e9r\u00e9es comme des mesures pertinentes permettant <a href=\"https:\/\/regdevnet.ca\/fr\/cartes-de-donnees\/\" class=\"more-link\">&#8230;<\/a><\/p>\n","protected":false},"author":5,"featured_media":1167,"parent":0,"menu_order":0,"comment_status":"closed","ping_status":"closed","template":"","meta":{"_monsterinsights_skip_tracking":false,"_monsterinsights_sitenote_active":false,"_monsterinsights_sitenote_note":"","_monsterinsights_sitenote_category":0,"footnotes":""},"class_list":["post-2582","page","type-page","status-publish","has-post-thumbnail","hentry"],"_links":{"self":[{"href":"https:\/\/regdevnet.ca\/fr\/wp-json\/wp\/v2\/pages\/2582","targetHints":{"allow":["GET"]}}],"collection":[{"href":"https:\/\/regdevnet.ca\/fr\/wp-json\/wp\/v2\/pages"}],"about":[{"href":"https:\/\/regdevnet.ca\/fr\/wp-json\/wp\/v2\/types\/page"}],"author":[{"embeddable":true,"href":"https:\/\/regdevnet.ca\/fr\/wp-json\/wp\/v2\/users\/5"}],"replies":[{"embeddable":true,"href":"https:\/\/regdevnet.ca\/fr\/wp-json\/wp\/v2\/comments?post=2582"}],"version-history":[{"count":31,"href":"https:\/\/regdevnet.ca\/fr\/wp-json\/wp\/v2\/pages\/2582\/revisions"}],"predecessor-version":[{"id":11705,"href":"https:\/\/regdevnet.ca\/fr\/wp-json\/wp\/v2\/pages\/2582\/revisions\/11705"}],"wp:featuredmedia":[{"embeddable":true,"href":"https:\/\/regdevnet.ca\/fr\/wp-json\/wp\/v2\/media\/1167"}],"wp:attachment":[{"href":"https:\/\/regdevnet.ca\/fr\/wp-json\/wp\/v2\/media?parent=2582"}],"curies":[{"name":"wp","href":"https:\/\/api.w.org\/{rel}","templated":true}]}}