{"id":2574,"date":"2023-07-26T14:30:27","date_gmt":"2023-07-26T18:30:27","guid":{"rendered":"https:\/\/staging.see-net.ca\/accueil\/"},"modified":"2026-01-28T15:21:01","modified_gmt":"2026-01-28T20:21:01","slug":"accueil","status":"publish","type":"page","link":"https:\/\/regdevnet.ca\/fr\/","title":{"rendered":"Accueil"},"content":{"rendered":"\t\t<div data-elementor-type=\"wp-page\" data-elementor-id=\"2574\" class=\"elementor elementor-2574 elementor-49\" data-elementor-post-type=\"page\">\n\t\t\t\t<div class=\"elementor-element elementor-element-ae42215 e-con-full e-flex e-con e-parent\" data-id=\"ae42215\" data-element_type=\"container\" data-e-type=\"container\" data-settings=\"{&quot;background_background&quot;:&quot;classic&quot;}\">\n\t\t<div class=\"elementor-element elementor-element-5704a8e e-con-full e-flex e-con e-child\" data-id=\"5704a8e\" data-element_type=\"container\" data-e-type=\"container\" data-settings=\"{&quot;background_background&quot;:&quot;classic&quot;}\">\n\t\t\t\t<div class=\"elementor-element elementor-element-c2480c7 elementor-invisible elementor-widget elementor-widget-heading\" data-id=\"c2480c7\" data-element_type=\"widget\" data-e-type=\"widget\" data-settings=\"{&quot;_animation&quot;:&quot;fadeIn&quot;}\" data-widget_type=\"heading.default\">\n\t\t\t\t<div class=\"elementor-widget-container\">\n\t\t\t\t\t<h2 class=\"elementor-heading-title elementor-size-default\">LE R\u00c9SEAU<\/h2>\t\t\t\t<\/div>\n\t\t\t\t<\/div>\n\t\t\t\t<div class=\"elementor-element elementor-element-865a2cd elementor-invisible elementor-widget elementor-widget-heading\" data-id=\"865a2cd\" data-element_type=\"widget\" data-e-type=\"widget\" data-settings=\"{&quot;_animation&quot;:&quot;fadeIn&quot;,&quot;_animation_delay&quot;:250}\" data-widget_type=\"heading.default\">\n\t\t\t\t<div class=\"elementor-widget-container\">\n\t\t\t\t\t<h2 class=\"elementor-heading-title elementor-size-default\">L\u2019UNION FAIT LA FORCE<\/h2>\t\t\t\t<\/div>\n\t\t\t\t<\/div>\n\t\t\t\t<div class=\"elementor-element elementor-element-5cb7086 elementor-invisible elementor-widget elementor-widget-text-editor\" data-id=\"5cb7086\" data-element_type=\"widget\" data-e-type=\"widget\" data-settings=\"{&quot;_animation&quot;:&quot;fadeIn&quot;,&quot;_animation_delay&quot;:500}\" data-widget_type=\"text-editor.default\">\n\t\t\t\t<div class=\"elementor-widget-container\">\n\t\t\t\t\t\t\t\t\t<p><span style=\"font-weight: 400;\">Fond\u00e9 en 2019, le R\u00e9seau de d\u00e9veloppement r\u00e9gional (RDR) est un organisme national \u00e0 but non lucratif qui travaille \u00e0 l\u2019am\u00e9lioration du d\u00e9veloppement socio-\u00e9conomique des communaut\u00e9s d\u2019expression anglaise du Qu\u00e9bec. Appuy\u00e9 par un r\u00e9seau de 19 organismes r\u00e9gionaux d\u2019expression anglaise, le RDR collabore avec le gouvernement f\u00e9d\u00e9ral, le gouvernement provincial et les municipalit\u00e9s afin de repr\u00e9senter les besoins et les d\u00e9fis de son r\u00e9seau et de promouvoir la cr\u00e9ation de projets et de partenariats.<\/span><\/p>\n\t\t\t\t\t\t\t\t<\/div>\n\t\t\t\t<\/div>\n\t\t\t\t<\/div>\n\t\t<div class=\"elementor-element elementor-element-93c7683 e-con-full e-flex e-con e-child\" data-id=\"93c7683\" data-element_type=\"container\" data-e-type=\"container\">\n\t\t\t\t<div class=\"elementor-element elementor-element-543c26e animated-slow elementor-invisible elementor-widget elementor-widget-image\" data-id=\"543c26e\" data-element_type=\"widget\" data-e-type=\"widget\" data-settings=\"{&quot;_animation&quot;:&quot;fadeIn&quot;,&quot;_animation_delay&quot;:500}\" data-widget_type=\"image.default\">\n\t\t\t\t<div class=\"elementor-widget-container\">\n\t\t\t\t\t\t\t\t\t\t\t\t\t\t\t<img fetchpriority=\"high\" decoding=\"async\" width=\"593\" height=\"578\" src=\"https:\/\/regdevnet.ca\/wp-content\/uploads\/2023\/07\/Group-29.webp\" class=\"attachment-large size-large wp-image-1154\" alt=\"\" srcset=\"https:\/\/regdevnet.ca\/wp-content\/uploads\/2023\/07\/Group-29.webp 593w, https:\/\/regdevnet.ca\/wp-content\/uploads\/2023\/07\/Group-29-300x292.webp 300w\" sizes=\"(max-width: 593px) 100vw, 593px\" \/>\t\t\t\t\t\t\t\t\t\t\t\t\t\t\t<\/div>\n\t\t\t\t<\/div>\n\t\t\t\t<\/div>\n\t\t\t\t<\/div>\n\t\t<div class=\"elementor-element elementor-element-776f319 e-flex e-con-boxed e-con e-parent\" data-id=\"776f319\" data-element_type=\"container\" data-e-type=\"container\">\n\t\t\t\t\t<div class=\"e-con-inner\">\n\t\t<div class=\"elementor-element elementor-element-4cab20c e-con-full e-flex e-con e-child\" data-id=\"4cab20c\" data-element_type=\"container\" data-e-type=\"container\">\n\t\t<div class=\"elementor-element elementor-element-caec642 e-con-full e-flex e-con e-child\" data-id=\"caec642\" data-element_type=\"container\" data-e-type=\"container\">\n\t\t<div class=\"elementor-element elementor-element-54729f6 e-con-full e-flex e-con e-child\" data-id=\"54729f6\" data-element_type=\"container\" data-e-type=\"container\">\n\t\t\t\t<div class=\"elementor-element elementor-element-0e00118 elementor-widget elementor-widget-heading\" data-id=\"0e00118\" data-element_type=\"widget\" data-e-type=\"widget\" data-widget_type=\"heading.default\">\n\t\t\t\t<div class=\"elementor-widget-container\">\n\t\t\t\t\t<h2 class=\"elementor-heading-title elementor-size-default\">NOTRE MISSION<\/h2>\t\t\t\t<\/div>\n\t\t\t\t<\/div>\n\t\t\t\t<div class=\"elementor-element elementor-element-9e241d4 elementor-widget elementor-widget-text-editor\" data-id=\"9e241d4\" data-element_type=\"widget\" data-e-type=\"widget\" data-widget_type=\"text-editor.default\">\n\t\t\t\t<div class=\"elementor-widget-container\">\n\t\t\t\t\t\t\t\t\t<p>La mission du RDR est d\u2019am\u00e9liorer et de maintenir la vitalit\u00e9 des communaut\u00e9s d\u2019expression anglaise r\u00e9gionales du Qu\u00e9bec en soutenant les membres du r\u00e9seau et d\u2019autres entit\u00e9s pour qu\u2019ils travaillent ensemble \u00e0 leur d\u00e9veloppement socio-\u00e9conomique.<\/p>\t\t\t\t\t\t\t\t<\/div>\n\t\t\t\t<\/div>\n\t\t\t\t<div class=\"elementor-element elementor-element-f462ecb elementor-widget elementor-widget-heading\" data-id=\"f462ecb\" data-element_type=\"widget\" data-e-type=\"widget\" data-widget_type=\"heading.default\">\n\t\t\t\t<div class=\"elementor-widget-container\">\n\t\t\t\t\t<h2 class=\"elementor-heading-title elementor-size-default\">NOTRE VISION<\/h2>\t\t\t\t<\/div>\n\t\t\t\t<\/div>\n\t\t\t\t<div class=\"elementor-element elementor-element-5dc0e8a elementor-widget elementor-widget-text-editor\" data-id=\"5dc0e8a\" data-element_type=\"widget\" data-e-type=\"widget\" data-widget_type=\"text-editor.default\">\n\t\t\t\t<div class=\"elementor-widget-container\">\n\t\t\t\t\t\t\t\t\t<p>Des communaut\u00e9s d\u2019expression anglaise florissantes font partie int\u00e9grante du tissu des r\u00e9gions du Qu\u00e9bec.<\/p>\t\t\t\t\t\t\t\t<\/div>\n\t\t\t\t<\/div>\n\t\t\t\t<\/div>\n\t\t<div class=\"elementor-element elementor-element-0339cd0 e-con-full e-flex e-con e-child\" data-id=\"0339cd0\" data-element_type=\"container\" data-e-type=\"container\">\n\t\t\t\t<div class=\"elementor-element elementor-element-3f7856f elementor-widget elementor-widget-heading\" data-id=\"3f7856f\" data-element_type=\"widget\" data-e-type=\"widget\" data-widget_type=\"heading.default\">\n\t\t\t\t<div class=\"elementor-widget-container\">\n\t\t\t\t\t<h2 class=\"elementor-heading-title elementor-size-default\">NOS PROGRAMMES<\/h2>\t\t\t\t<\/div>\n\t\t\t\t<\/div>\n\t\t\t\t<div class=\"elementor-element elementor-element-b63d1fb elementor-widget elementor-widget-text-editor\" data-id=\"b63d1fb\" data-element_type=\"widget\" data-e-type=\"widget\" data-widget_type=\"text-editor.default\">\n\t\t\t\t<div class=\"elementor-widget-container\">\n\t\t\t\t\t\t\t\t\t<p><span style=\"font-weight: 400;\">Le RDR offre une grande vari\u00e9t\u00e9 de programmes et d\u2019opportunit\u00e9s \u00e0 ses membres ainsi qu\u2019aux individus qui souhaitent contribuer \u00e0 l\u2019am\u00e9lioration du futur des communaut\u00e9s d\u2019expression anglaise du Qu\u00e9bec.<\/span><\/p>\t\t\t\t\t\t\t\t<\/div>\n\t\t\t\t<\/div>\n\t\t\t\t<div class=\"elementor-element elementor-element-efa03c3 elementor-invisible elementor-widget elementor-widget-button\" data-id=\"efa03c3\" data-element_type=\"widget\" data-e-type=\"widget\" data-settings=\"{&quot;_animation&quot;:&quot;fadeInLeft&quot;}\" data-widget_type=\"button.default\">\n\t\t\t\t<div class=\"elementor-widget-container\">\n\t\t\t\t\t\t\t\t\t<div class=\"elementor-button-wrapper\">\n\t\t\t\t\t<a class=\"elementor-button elementor-button-link elementor-size-sm\" href=\"https:\/\/regdevnet.ca\/fr\/programmes\/\">\n\t\t\t\t\t\t<span class=\"elementor-button-content-wrapper\">\n\t\t\t\t\t\t<span class=\"elementor-button-icon\">\n\t\t\t\t<i aria-hidden=\"true\" class=\"fas fa-arrow-right\"><\/i>\t\t\t<\/span>\n\t\t\t\t\t\t\t\t\t<span class=\"elementor-button-text\">D\u00e9couvrez les programmes du RDR<\/span>\n\t\t\t\t\t<\/span>\n\t\t\t\t\t<\/a>\n\t\t\t\t<\/div>\n\t\t\t\t\t\t\t\t<\/div>\n\t\t\t\t<\/div>\n\t\t\t\t<\/div>\n\t\t\t\t<\/div>\n\t\t<div class=\"elementor-element elementor-element-5db7768 e-con-full e-flex e-con e-child\" data-id=\"5db7768\" data-element_type=\"container\" data-e-type=\"container\">\n\t\t\t\t<div class=\"elementor-element elementor-element-6383ab8 elementor-widget elementor-widget-image\" data-id=\"6383ab8\" data-element_type=\"widget\" data-e-type=\"widget\" data-widget_type=\"image.default\">\n\t\t\t\t<div class=\"elementor-widget-container\">\n\t\t\t\t\t\t\t\t\t\t\t\t\t\t\t<img decoding=\"async\" width=\"1024\" height=\"451\" src=\"https:\/\/regdevnet.ca\/wp-content\/uploads\/2026\/01\/Group-31@2x-1024x451.webp\" class=\"attachment-large size-large wp-image-11432\" alt=\"\" srcset=\"https:\/\/regdevnet.ca\/wp-content\/uploads\/2026\/01\/Group-31@2x-1024x451.webp 1024w, https:\/\/regdevnet.ca\/wp-content\/uploads\/2026\/01\/Group-31@2x-300x132.webp 300w, https:\/\/regdevnet.ca\/wp-content\/uploads\/2026\/01\/Group-31@2x-1536x677.webp 1536w, https:\/\/regdevnet.ca\/wp-content\/uploads\/2026\/01\/Group-31@2x.webp 1624w\" sizes=\"(max-width: 1024px) 100vw, 1024px\" \/>\t\t\t\t\t\t\t\t\t\t\t\t\t\t\t<\/div>\n\t\t\t\t<\/div>\n\t\t\t\t<\/div>\n\t\t\t\t<\/div>\n\t\t\t\t\t<\/div>\n\t\t\t\t<\/div>\n\t\t\t\t<\/div>\n\t\t","protected":false},"excerpt":{"rendered":"<p>LE R\u00c9SEAU L\u2019UNION FAIT LA FORCE Fond\u00e9 en 2019, le R\u00e9seau de d\u00e9veloppement r\u00e9gional (RDR) est un organisme national \u00e0 but non lucratif qui travaille \u00e0 l\u2019am\u00e9lioration du d\u00e9veloppement socio-\u00e9conomique des communaut\u00e9s d\u2019expression anglaise du Qu\u00e9bec. Appuy\u00e9 par un r\u00e9seau de 19 organismes r\u00e9gionaux d\u2019expression anglaise, le RDR collabore avec le gouvernement f\u00e9d\u00e9ral, le gouvernement <a href=\"https:\/\/regdevnet.ca\/fr\/\" class=\"more-link\">&#8230;<\/a><\/p>\n","protected":false},"author":5,"featured_media":1152,"parent":0,"menu_order":0,"comment_status":"closed","ping_status":"closed","template":"","meta":{"_monsterinsights_skip_tracking":false,"_monsterinsights_sitenote_active":false,"_monsterinsights_sitenote_note":"","_monsterinsights_sitenote_category":0,"footnotes":""},"class_list":["post-2574","page","type-page","status-publish","has-post-thumbnail","hentry"],"_links":{"self":[{"href":"https:\/\/regdevnet.ca\/fr\/wp-json\/wp\/v2\/pages\/2574","targetHints":{"allow":["GET"]}}],"collection":[{"href":"https:\/\/regdevnet.ca\/fr\/wp-json\/wp\/v2\/pages"}],"about":[{"href":"https:\/\/regdevnet.ca\/fr\/wp-json\/wp\/v2\/types\/page"}],"author":[{"embeddable":true,"href":"https:\/\/regdevnet.ca\/fr\/wp-json\/wp\/v2\/users\/5"}],"replies":[{"embeddable":true,"href":"https:\/\/regdevnet.ca\/fr\/wp-json\/wp\/v2\/comments?post=2574"}],"version-history":[{"count":20,"href":"https:\/\/regdevnet.ca\/fr\/wp-json\/wp\/v2\/pages\/2574\/revisions"}],"predecessor-version":[{"id":11451,"href":"https:\/\/regdevnet.ca\/fr\/wp-json\/wp\/v2\/pages\/2574\/revisions\/11451"}],"wp:featuredmedia":[{"embeddable":true,"href":"https:\/\/regdevnet.ca\/fr\/wp-json\/wp\/v2\/media\/1152"}],"wp:attachment":[{"href":"https:\/\/regdevnet.ca\/fr\/wp-json\/wp\/v2\/media?parent=2574"}],"curies":[{"name":"wp","href":"https:\/\/api.w.org\/{rel}","templated":true}]}}