{"id":10860,"date":"2025-10-31T17:37:00","date_gmt":"2025-10-31T21:37:00","guid":{"rendered":"https:\/\/regdevnet.ca\/?page_id=10860"},"modified":"2026-04-09T10:21:56","modified_gmt":"2026-04-09T14:21:56","slug":"application-dhistoires-numeriques","status":"publish","type":"page","link":"https:\/\/regdevnet.ca\/fr\/programmes\/application-dhistoires-numeriques\/","title":{"rendered":"L&rsquo;application d&rsquo;histoires num\u00e9riques"},"content":{"rendered":"\t\t<div data-elementor-type=\"wp-page\" data-elementor-id=\"10860\" class=\"elementor elementor-10860 elementor-10859\" data-elementor-post-type=\"page\">\n\t\t\t\t<div class=\"elementor-element elementor-element-7cb9be4 e-flex e-con-boxed e-con e-parent\" data-id=\"7cb9be4\" data-element_type=\"container\" data-e-type=\"container\" data-settings=\"{&quot;background_background&quot;:&quot;classic&quot;}\">\n\t\t\t\t\t<div class=\"e-con-inner\">\n\t\t\t\t<div class=\"elementor-element elementor-element-7b723df elementor-widget elementor-widget-heading\" data-id=\"7b723df\" data-element_type=\"widget\" data-e-type=\"widget\" data-widget_type=\"heading.default\">\n\t\t\t\t<div class=\"elementor-widget-container\">\n\t\t\t\t\t<h2 class=\"elementor-heading-title elementor-size-default\">PROGRAMMES<\/h2>\t\t\t\t<\/div>\n\t\t\t\t<\/div>\n\t\t\t\t\t<\/div>\n\t\t\t\t<\/div>\n\t\t<div class=\"elementor-element elementor-element-053fe4c e-flex e-con-boxed e-con e-parent\" data-id=\"053fe4c\" data-element_type=\"container\" data-e-type=\"container\" data-settings=\"{&quot;background_background&quot;:&quot;classic&quot;}\">\n\t\t\t\t\t<div class=\"e-con-inner\">\n\t\t<div class=\"elementor-element elementor-element-623d191 e-con-full e-flex e-con e-child\" data-id=\"623d191\" data-element_type=\"container\" data-e-type=\"container\" data-settings=\"{&quot;background_background&quot;:&quot;classic&quot;}\">\n\t\t\t\t<div class=\"elementor-element elementor-element-7e03efd elementor-widget elementor-widget-heading\" data-id=\"7e03efd\" data-element_type=\"widget\" data-e-type=\"widget\" data-widget_type=\"heading.default\">\n\t\t\t\t<div class=\"elementor-widget-container\">\n\t\t\t\t\t<h2 class=\"elementor-heading-title elementor-size-default\">APPLICATION D'HISTOIRES NUM\u00c9RIQUES ENROUTE<\/h2>\t\t\t\t<\/div>\n\t\t\t\t<\/div>\n\t\t\t\t<div class=\"elementor-element elementor-element-9a88337 elementor-widget elementor-widget-text-editor\" data-id=\"9a88337\" data-element_type=\"widget\" data-e-type=\"widget\" data-widget_type=\"text-editor.default\">\n\t\t\t\t<div class=\"elementor-widget-container\">\n\t\t\t\t\t\t\t\t\t<p><span data-contrast=\"auto\">L&rsquo;application mobile EnRoute est une nouvelle plateforme bilingue qui pr\u00e9sente l&rsquo;histoire et la culture riches des communaut\u00e9s d\u2019expression anglaise dans les r\u00e9gions du Qu\u00e9bec dans un format num\u00e9rique accessible. D\u00e9velopp\u00e9e par le RDR, l&rsquo;application permet aux voyageur<\/span><span data-contrast=\"auto\">\u00b7euse<\/span><span data-contrast=\"auto\">s et aux habitant<\/span><span data-contrast=\"auto\">\u00b7es <\/span><span data-contrast=\"auto\">de d\u00e9couvrir des histoires, des lieux et des traditions uniques gr\u00e2ce \u00e0 un contenu multim\u00e9dia attrayant, rendant ainsi le patrimoine accessible, interactif et pr\u00eat \u00e0 \u00eatre explor\u00e9. <\/span><span data-ccp-props=\"{}\">\u00a0<\/span><\/p><p><span data-contrast=\"auto\">En pr\u00e9sentant les contributions historiques et culturelles des communaut\u00e9s d\u2019expression anglaise des r\u00e9gions du Qu\u00e9bec \u00e0 l&rsquo;ext\u00e9rieur de Montr\u00e9al et de Laval, l&rsquo;application d&rsquo;histoires num\u00e9riques soutiendra et continuera \u00e0 d\u00e9velopper la vitalit\u00e9 des communaut\u00e9s d\u2019expression anglaise du Qu\u00e9bec.<\/span><\/p><p><span data-contrast=\"auto\">Ce projet a \u00e9t\u00e9 rendu possible gr\u00e2ce au <a href=\"https:\/\/www.quebec.ca\/gouvernement\/ministeres-organismes\/srqea\" target=\"_blank\" rel=\"noopener\">Secr\u00e9tariat aux relations avec les Qu\u00e9b\u00e9cois d&rsquo;expression anglaise.<\/a><\/span><\/p>\t\t\t\t\t\t\t\t<\/div>\n\t\t\t\t<\/div>\n\t\t\t\t<div class=\"elementor-element elementor-element-4b1a4fc elementor-widget elementor-widget-button\" data-id=\"4b1a4fc\" data-element_type=\"widget\" data-e-type=\"widget\" data-widget_type=\"button.default\">\n\t\t\t\t<div class=\"elementor-widget-container\">\n\t\t\t\t\t\t\t\t\t<div class=\"elementor-button-wrapper\">\n\t\t\t\t\t<a class=\"elementor-button elementor-button-link elementor-size-sm\" href=\"https:\/\/regdevnet.ca\/wp-content\/uploads\/2026\/03\/EnRoute_FR_Description_mars2026_Final.pdf\">\n\t\t\t\t\t\t<span class=\"elementor-button-content-wrapper\">\n\t\t\t\t\t\t\t\t\t<span class=\"elementor-button-text\">D\u00e9couvrir plus sur EnRoute<\/span>\n\t\t\t\t\t<\/span>\n\t\t\t\t\t<\/a>\n\t\t\t\t<\/div>\n\t\t\t\t\t\t\t\t<\/div>\n\t\t\t\t<\/div>\n\t\t\t\t<div class=\"elementor-element elementor-element-9d75e1f elementor-widget elementor-widget-button\" data-id=\"9d75e1f\" data-element_type=\"widget\" data-e-type=\"widget\" data-widget_type=\"button.default\">\n\t\t\t\t<div class=\"elementor-widget-container\">\n\t\t\t\t\t\t\t\t\t<div class=\"elementor-button-wrapper\">\n\t\t\t\t\t<a class=\"elementor-button elementor-button-link elementor-size-sm\" href=\"https:\/\/regdevnet.ca\/enroute-submission-form\/\">\n\t\t\t\t\t\t<span class=\"elementor-button-content-wrapper\">\n\t\t\t\t\t\t\t\t\t<span class=\"elementor-button-text\">Soumettre un r\u00e9cit<\/span>\n\t\t\t\t\t<\/span>\n\t\t\t\t\t<\/a>\n\t\t\t\t<\/div>\n\t\t\t\t\t\t\t\t<\/div>\n\t\t\t\t<\/div>\n\t\t\t\t<\/div>\n\t\t<div class=\"elementor-element elementor-element-3841742 e-con-full e-flex e-con e-child\" data-id=\"3841742\" data-element_type=\"container\" data-e-type=\"container\">\n\t\t\t\t<div class=\"elementor-element elementor-element-6cfeac5 elementor-widget elementor-widget-image\" data-id=\"6cfeac5\" data-element_type=\"widget\" data-e-type=\"widget\" data-widget_type=\"image.default\">\n\t\t\t\t<div class=\"elementor-widget-container\">\n\t\t\t\t\t\t\t\t\t\t\t\t\t\t\t<img fetchpriority=\"high\" decoding=\"async\" width=\"862\" height=\"736\" src=\"https:\/\/regdevnet.ca\/wp-content\/uploads\/2025\/10\/EnRoute_website.png\" class=\"attachment-large size-large wp-image-11198\" alt=\"\" srcset=\"https:\/\/regdevnet.ca\/wp-content\/uploads\/2025\/10\/EnRoute_website.png 862w, https:\/\/regdevnet.ca\/wp-content\/uploads\/2025\/10\/EnRoute_website-300x256.png 300w\" sizes=\"(max-width: 862px) 100vw, 862px\" \/>\t\t\t\t\t\t\t\t\t\t\t\t\t\t\t<\/div>\n\t\t\t\t<\/div>\n\t\t\t\t<\/div>\n\t\t\t\t\t<\/div>\n\t\t\t\t<\/div>\n\t\t<div class=\"elementor-element elementor-element-87a5602 e-flex e-con-boxed e-con e-parent\" data-id=\"87a5602\" data-element_type=\"container\" data-e-type=\"container\" data-settings=\"{&quot;background_background&quot;:&quot;classic&quot;,&quot;background_motion_fx_motion_fx_mouse&quot;:&quot;yes&quot;}\">\n\t\t\t\t\t<div class=\"e-con-inner\">\n\t\t\t\t<div class=\"elementor-element elementor-element-0d5841d elementor-widget elementor-widget-text-editor\" data-id=\"0d5841d\" data-element_type=\"widget\" data-e-type=\"widget\" data-widget_type=\"text-editor.default\">\n\t\t\t\t<div class=\"elementor-widget-container\">\n\t\t\t\t\t\t\t\t\t<p>\u00cates-vous une organisation culturelle ou patrimoniale int\u00e9ress\u00e9e \u00e0 soumettre des r\u00e9cits \u00e0 notre application EnRoute?<\/p>\t\t\t\t\t\t\t\t<\/div>\n\t\t\t\t<\/div>\n\t\t\t\t<div class=\"elementor-element elementor-element-37f2777 elementor-widget elementor-widget-button\" data-id=\"37f2777\" data-element_type=\"widget\" data-e-type=\"widget\" data-widget_type=\"button.default\">\n\t\t\t\t<div class=\"elementor-widget-container\">\n\t\t\t\t\t\t\t\t\t<div class=\"elementor-button-wrapper\">\n\t\t\t\t\t<a class=\"elementor-button elementor-button-link elementor-size-sm\" href=\"https:\/\/see-net.ca\/fr\/services\/micro-subvention-pour-la-documentation-des-histoires\/\" target=\"_blank\">\n\t\t\t\t\t\t<span class=\"elementor-button-content-wrapper\">\n\t\t\t\t\t\t<span class=\"elementor-button-icon\">\n\t\t\t\t<i aria-hidden=\"true\" class=\"fas fa-arrow-right\"><\/i>\t\t\t<\/span>\n\t\t\t\t\t\t\t\t\t<span class=\"elementor-button-text\">D\u00c9COUVREZ NOTRE MICRO-SUBVENTION<\/span>\n\t\t\t\t\t<\/span>\n\t\t\t\t\t<\/a>\n\t\t\t\t<\/div>\n\t\t\t\t\t\t\t\t<\/div>\n\t\t\t\t<\/div>\n\t\t\t\t\t<\/div>\n\t\t\t\t<\/div>\n\t\t\t\t<\/div>\n\t\t","protected":false},"excerpt":{"rendered":"<p>PROGRAMMES APPLICATION D&rsquo;HISTOIRES NUM\u00c9RIQUES ENROUTE L&rsquo;application mobile EnRoute est une nouvelle plateforme bilingue qui pr\u00e9sente l&rsquo;histoire et la culture riches des communaut\u00e9s d\u2019expression anglaise dans les r\u00e9gions du Qu\u00e9bec dans un format num\u00e9rique accessible. D\u00e9velopp\u00e9e par le RDR, l&rsquo;application permet aux voyageur\u00b7euses et aux habitant\u00b7es de d\u00e9couvrir des histoires, des lieux et des traditions uniques <a href=\"https:\/\/regdevnet.ca\/fr\/programmes\/application-dhistoires-numeriques\/\" class=\"more-link\">&#8230;<\/a><\/p>\n","protected":false},"author":5,"featured_media":2432,"parent":2586,"menu_order":0,"comment_status":"closed","ping_status":"closed","template":"","meta":{"_monsterinsights_skip_tracking":false,"_monsterinsights_sitenote_active":false,"_monsterinsights_sitenote_note":"","_monsterinsights_sitenote_category":0,"footnotes":""},"class_list":["post-10860","page","type-page","status-publish","has-post-thumbnail","hentry"],"_links":{"self":[{"href":"https:\/\/regdevnet.ca\/fr\/wp-json\/wp\/v2\/pages\/10860","targetHints":{"allow":["GET"]}}],"collection":[{"href":"https:\/\/regdevnet.ca\/fr\/wp-json\/wp\/v2\/pages"}],"about":[{"href":"https:\/\/regdevnet.ca\/fr\/wp-json\/wp\/v2\/types\/page"}],"author":[{"embeddable":true,"href":"https:\/\/regdevnet.ca\/fr\/wp-json\/wp\/v2\/users\/5"}],"replies":[{"embeddable":true,"href":"https:\/\/regdevnet.ca\/fr\/wp-json\/wp\/v2\/comments?post=10860"}],"version-history":[{"count":50,"href":"https:\/\/regdevnet.ca\/fr\/wp-json\/wp\/v2\/pages\/10860\/revisions"}],"predecessor-version":[{"id":11759,"href":"https:\/\/regdevnet.ca\/fr\/wp-json\/wp\/v2\/pages\/10860\/revisions\/11759"}],"up":[{"embeddable":true,"href":"https:\/\/regdevnet.ca\/fr\/wp-json\/wp\/v2\/pages\/2586"}],"wp:featuredmedia":[{"embeddable":true,"href":"https:\/\/regdevnet.ca\/fr\/wp-json\/wp\/v2\/media\/2432"}],"wp:attachment":[{"href":"https:\/\/regdevnet.ca\/fr\/wp-json\/wp\/v2\/media?parent=10860"}],"curies":[{"name":"wp","href":"https:\/\/api.w.org\/{rel}","templated":true}]}}