{"id":10455,"date":"2025-05-07T12:47:51","date_gmt":"2025-05-07T16:47:51","guid":{"rendered":"https:\/\/regdevnet.ca\/?page_id=10455"},"modified":"2026-04-09T10:21:40","modified_gmt":"2026-04-09T14:21:40","slug":"programmation-financee-par-patrimoine-canadien","status":"publish","type":"page","link":"https:\/\/regdevnet.ca\/fr\/programmes\/programmation-financee-par-patrimoine-canadien\/","title":{"rendered":"Financement du programme du patrimoine canadien"},"content":{"rendered":"\t\t<div data-elementor-type=\"wp-page\" data-elementor-id=\"10455\" class=\"elementor elementor-10455 elementor-10454\" data-elementor-post-type=\"page\">\n\t\t\t\t<div class=\"elementor-element elementor-element-7cb9be4 e-flex e-con-boxed e-con e-parent\" data-id=\"7cb9be4\" data-element_type=\"container\" data-e-type=\"container\" data-settings=\"{&quot;background_background&quot;:&quot;classic&quot;}\">\n\t\t\t\t\t<div class=\"e-con-inner\">\n\t\t\t\t<div class=\"elementor-element elementor-element-7b723df elementor-widget elementor-widget-heading\" data-id=\"7b723df\" data-element_type=\"widget\" data-e-type=\"widget\" data-widget_type=\"heading.default\">\n\t\t\t\t<div class=\"elementor-widget-container\">\n\t\t\t\t\t<h2 class=\"elementor-heading-title elementor-size-default\">PROGRAMMES<\/h2>\t\t\t\t<\/div>\n\t\t\t\t<\/div>\n\t\t\t\t\t<\/div>\n\t\t\t\t<\/div>\n\t\t<div class=\"elementor-element elementor-element-053fe4c e-flex e-con-boxed e-con e-parent\" data-id=\"053fe4c\" data-element_type=\"container\" data-e-type=\"container\" data-settings=\"{&quot;background_background&quot;:&quot;classic&quot;}\">\n\t\t\t\t\t<div class=\"e-con-inner\">\n\t\t<div class=\"elementor-element elementor-element-623d191 e-con-full e-flex e-con e-child\" data-id=\"623d191\" data-element_type=\"container\" data-e-type=\"container\" data-settings=\"{&quot;background_background&quot;:&quot;classic&quot;}\">\n\t\t\t\t<div class=\"elementor-element elementor-element-7e03efd elementor-widget elementor-widget-heading\" data-id=\"7e03efd\" data-element_type=\"widget\" data-e-type=\"widget\" data-widget_type=\"heading.default\">\n\t\t\t\t<div class=\"elementor-widget-container\">\n\t\t\t\t\t<h2 class=\"elementor-heading-title elementor-size-default\">PROGRAMMATION FINANC\u00c9E PAR PATRIMOINE CANADIEN<\/h2>\t\t\t\t<\/div>\n\t\t\t\t<\/div>\n\t\t\t\t<div class=\"elementor-element elementor-element-9a88337 elementor-widget elementor-widget-text-editor\" data-id=\"9a88337\" data-element_type=\"widget\" data-e-type=\"widget\" data-widget_type=\"text-editor.default\">\n\t\t\t\t<div class=\"elementor-widget-container\">\n\t\t\t\t\t\t\t\t\t<p>Le RDR aide ses membres \u00e0 r\u00e9pondre aux besoins des communaut\u00e9s r\u00e9gionales qui rel\u00e8vent des programmes et initiatives du gouvernement f\u00e9d\u00e9ral. Il recherche activement des opportunit\u00e9s align\u00e9es sur ces priorit\u00e9s r\u00e9gionales, d\u00e9fend les int\u00e9r\u00eats des organisations r\u00e9gionales aupr\u00e8s des principaux minist\u00e8res f\u00e9d\u00e9raux, \u00e9tablit des liens avec les communaut\u00e9s de langue officielle en situation minoritaire \u00e0 travers le Canada et offre des opportunit\u00e9s de formation et de r\u00e9seautage. Collectivement, ces efforts renforcent la capacit\u00e9 des organisations r\u00e9gionales desservant la communaut\u00e9 anglophone dans leur d\u00e9veloppement organisationnel, l&rsquo;\u00e9tablissement de partenariats et la d\u00e9fense de leurs int\u00e9r\u00eats aupr\u00e8s des entit\u00e9s du gouvernement f\u00e9d\u00e9ral.<\/p><p>Cette programmation a \u00e9t\u00e9 rendu possible gr\u00e2ce au <a href=\"https:\/\/www.canada.ca\/fr\/patrimoine-canadien.html\" target=\"_blank\" rel=\"noopener\">Gouvernement du Canada<\/a>.<\/p>\t\t\t\t\t\t\t\t<\/div>\n\t\t\t\t<\/div>\n\t\t\t\t<\/div>\n\t\t<div class=\"elementor-element elementor-element-3841742 e-con-full e-flex e-con e-child\" data-id=\"3841742\" data-element_type=\"container\" data-e-type=\"container\">\n\t\t\t\t<div class=\"elementor-element elementor-element-6cfeac5 elementor-widget elementor-widget-image\" data-id=\"6cfeac5\" data-element_type=\"widget\" data-e-type=\"widget\" data-widget_type=\"image.default\">\n\t\t\t\t<div class=\"elementor-widget-container\">\n\t\t\t\t\t\t\t\t\t\t\t\t\t\t\t<img fetchpriority=\"high\" decoding=\"async\" width=\"862\" height=\"736\" src=\"https:\/\/regdevnet.ca\/wp-content\/uploads\/2025\/07\/PCHCore2-1.png\" class=\"attachment-large size-large wp-image-10812\" alt=\"\" srcset=\"https:\/\/regdevnet.ca\/wp-content\/uploads\/2025\/07\/PCHCore2-1.png 862w, https:\/\/regdevnet.ca\/wp-content\/uploads\/2025\/07\/PCHCore2-1-300x256.png 300w\" sizes=\"(max-width: 862px) 100vw, 862px\" \/>\t\t\t\t\t\t\t\t\t\t\t\t\t\t\t<\/div>\n\t\t\t\t<\/div>\n\t\t\t\t<\/div>\n\t\t\t\t\t<\/div>\n\t\t\t\t<\/div>\n\t\t<div class=\"elementor-element elementor-element-04d82a0 e-flex e-con-boxed e-con e-parent\" data-id=\"04d82a0\" data-element_type=\"container\" data-e-type=\"container\">\n\t\t\t\t\t<div class=\"e-con-inner\">\n\t\t\t\t<div class=\"elementor-element elementor-element-f3dc8a1 elementor-widget elementor-widget-spacer\" data-id=\"f3dc8a1\" data-element_type=\"widget\" data-e-type=\"widget\" data-widget_type=\"spacer.default\">\n\t\t\t\t<div class=\"elementor-widget-container\">\n\t\t\t\t\t\t\t<div class=\"elementor-spacer\">\n\t\t\t<div class=\"elementor-spacer-inner\"><\/div>\n\t\t<\/div>\n\t\t\t\t\t\t<\/div>\n\t\t\t\t<\/div>\n\t\t\t\t\t<\/div>\n\t\t\t\t<\/div>\n\t\t<div class=\"elementor-element elementor-element-628bb6d e-flex e-con-boxed e-con e-parent\" data-id=\"628bb6d\" data-element_type=\"container\" data-e-type=\"container\">\n\t\t\t\t\t<div class=\"e-con-inner\">\n\t\t<div class=\"elementor-element elementor-element-c77b00a e-con-full e-flex e-con e-child\" data-id=\"c77b00a\" data-element_type=\"container\" data-e-type=\"container\">\n\t\t\t\t<\/div>\n\t\t<div class=\"elementor-element elementor-element-adc6781 e-con-full e-flex e-con e-child\" data-id=\"adc6781\" data-element_type=\"container\" data-e-type=\"container\">\n\t\t\t\t<div class=\"elementor-element elementor-element-4f6fe44 elementor-widget__width-inherit elementor-widget elementor-widget-image\" data-id=\"4f6fe44\" data-element_type=\"widget\" data-e-type=\"widget\" data-widget_type=\"image.default\">\n\t\t\t\t<div class=\"elementor-widget-container\">\n\t\t\t\t\t\t\t\t\t\t\t\t<figure class=\"wp-caption\">\n\t\t\t\t\t\t\t\t\t\t\t<a href=\"https:\/\/www.canada.ca\/fr\/patrimoine-canadien.html\" target=\"_blank\" rel=\"nofollow\">\n\t\t\t\t\t\t\t<img decoding=\"async\" width=\"917\" height=\"150\" src=\"https:\/\/regdevnet.ca\/wp-content\/uploads\/2025\/02\/3li_Fr_Wordmark_C.png\" class=\"attachment-full size-full wp-image-9750\" alt=\"\" srcset=\"https:\/\/regdevnet.ca\/wp-content\/uploads\/2025\/02\/3li_Fr_Wordmark_C.png 917w, https:\/\/regdevnet.ca\/wp-content\/uploads\/2025\/02\/3li_Fr_Wordmark_C-300x49.png 300w\" sizes=\"(max-width: 917px) 100vw, 917px\" \/>\t\t\t\t\t\t\t\t<\/a>\n\t\t\t\t\t\t\t\t\t\t\t<figcaption class=\"widget-image-caption wp-caption-text\"><\/figcaption>\n\t\t\t\t\t\t\t\t\t\t<\/figure>\n\t\t\t\t\t\t\t\t\t<\/div>\n\t\t\t\t<\/div>\n\t\t\t\t<\/div>\n\t\t<div class=\"elementor-element elementor-element-7ffa242 e-con-full e-flex e-con e-child\" data-id=\"7ffa242\" data-element_type=\"container\" data-e-type=\"container\">\n\t\t\t\t<\/div>\n\t\t\t\t\t<\/div>\n\t\t\t\t<\/div>\n\t\t<div class=\"elementor-element elementor-element-aa45dd4 e-flex e-con-boxed e-con e-parent\" data-id=\"aa45dd4\" data-element_type=\"container\" data-e-type=\"container\">\n\t\t\t\t\t<div class=\"e-con-inner\">\n\t\t\t\t<div class=\"elementor-element elementor-element-299314f elementor-widget elementor-widget-spacer\" data-id=\"299314f\" data-element_type=\"widget\" data-e-type=\"widget\" data-widget_type=\"spacer.default\">\n\t\t\t\t<div class=\"elementor-widget-container\">\n\t\t\t\t\t\t\t<div class=\"elementor-spacer\">\n\t\t\t<div class=\"elementor-spacer-inner\"><\/div>\n\t\t<\/div>\n\t\t\t\t\t\t<\/div>\n\t\t\t\t<\/div>\n\t\t\t\t\t<\/div>\n\t\t\t\t<\/div>\n\t\t<div class=\"elementor-element elementor-element-87a5602 e-flex e-con-boxed e-con e-parent\" data-id=\"87a5602\" data-element_type=\"container\" data-e-type=\"container\" data-settings=\"{&quot;background_background&quot;:&quot;classic&quot;,&quot;background_motion_fx_motion_fx_mouse&quot;:&quot;yes&quot;}\">\n\t\t\t\t\t<div class=\"e-con-inner\">\n\t\t\t\t<div class=\"elementor-element elementor-element-0d5841d elementor-widget elementor-widget-text-editor\" data-id=\"0d5841d\" data-element_type=\"widget\" data-e-type=\"widget\" data-widget_type=\"text-editor.default\">\n\t\t\t\t<div class=\"elementor-widget-container\">\n\t\t\t\t\t\t\t\t\t<p>D\u00e9couvrez comment nos organismes membres aident les communaut\u00e9s d\u2019expression anglaise du Qu\u00e9bec.<\/p>\t\t\t\t\t\t\t\t<\/div>\n\t\t\t\t<\/div>\n\t\t\t\t<div class=\"elementor-element elementor-element-37f2777 elementor-widget elementor-widget-button\" data-id=\"37f2777\" data-element_type=\"widget\" data-e-type=\"widget\" data-widget_type=\"button.default\">\n\t\t\t\t<div class=\"elementor-widget-container\">\n\t\t\t\t\t\t\t\t\t<div class=\"elementor-button-wrapper\">\n\t\t\t\t\t<a class=\"elementor-button elementor-button-link elementor-size-sm\" href=\"https:\/\/regdevnet.ca\/fr\/qui-nous-sommes-ce-que-nous-faisons\/\">\n\t\t\t\t\t\t<span class=\"elementor-button-content-wrapper\">\n\t\t\t\t\t\t<span class=\"elementor-button-icon\">\n\t\t\t\t<i aria-hidden=\"true\" class=\"fas fa-arrow-right\"><\/i>\t\t\t<\/span>\n\t\t\t\t\t\t\t\t\t<span class=\"elementor-button-text\">\u00c9COUTER LES  VID\u00c9OS<\/span>\n\t\t\t\t\t<\/span>\n\t\t\t\t\t<\/a>\n\t\t\t\t<\/div>\n\t\t\t\t\t\t\t\t<\/div>\n\t\t\t\t<\/div>\n\t\t\t\t\t<\/div>\n\t\t\t\t<\/div>\n\t\t\t\t<\/div>\n\t\t","protected":false},"excerpt":{"rendered":"<p>PROGRAMMES PROGRAMMATION FINANC\u00c9E PAR PATRIMOINE CANADIEN Le RDR aide ses membres \u00e0 r\u00e9pondre aux besoins des communaut\u00e9s r\u00e9gionales qui rel\u00e8vent des programmes et initiatives du gouvernement f\u00e9d\u00e9ral. Il recherche activement des opportunit\u00e9s align\u00e9es sur ces priorit\u00e9s r\u00e9gionales, d\u00e9fend les int\u00e9r\u00eats des organisations r\u00e9gionales aupr\u00e8s des principaux minist\u00e8res f\u00e9d\u00e9raux, \u00e9tablit des liens avec les communaut\u00e9s de <a href=\"https:\/\/regdevnet.ca\/fr\/programmes\/programmation-financee-par-patrimoine-canadien\/\" class=\"more-link\">&#8230;<\/a><\/p>\n","protected":false},"author":5,"featured_media":2432,"parent":2586,"menu_order":0,"comment_status":"closed","ping_status":"closed","template":"","meta":{"_monsterinsights_skip_tracking":false,"_monsterinsights_sitenote_active":false,"_monsterinsights_sitenote_note":"","_monsterinsights_sitenote_category":0,"footnotes":""},"class_list":["post-10455","page","type-page","status-publish","has-post-thumbnail","hentry"],"_links":{"self":[{"href":"https:\/\/regdevnet.ca\/fr\/wp-json\/wp\/v2\/pages\/10455","targetHints":{"allow":["GET"]}}],"collection":[{"href":"https:\/\/regdevnet.ca\/fr\/wp-json\/wp\/v2\/pages"}],"about":[{"href":"https:\/\/regdevnet.ca\/fr\/wp-json\/wp\/v2\/types\/page"}],"author":[{"embeddable":true,"href":"https:\/\/regdevnet.ca\/fr\/wp-json\/wp\/v2\/users\/5"}],"replies":[{"embeddable":true,"href":"https:\/\/regdevnet.ca\/fr\/wp-json\/wp\/v2\/comments?post=10455"}],"version-history":[{"count":23,"href":"https:\/\/regdevnet.ca\/fr\/wp-json\/wp\/v2\/pages\/10455\/revisions"}],"predecessor-version":[{"id":11756,"href":"https:\/\/regdevnet.ca\/fr\/wp-json\/wp\/v2\/pages\/10455\/revisions\/11756"}],"up":[{"embeddable":true,"href":"https:\/\/regdevnet.ca\/fr\/wp-json\/wp\/v2\/pages\/2586"}],"wp:featuredmedia":[{"embeddable":true,"href":"https:\/\/regdevnet.ca\/fr\/wp-json\/wp\/v2\/media\/2432"}],"wp:attachment":[{"href":"https:\/\/regdevnet.ca\/fr\/wp-json\/wp\/v2\/media?parent=10455"}],"curies":[{"name":"wp","href":"https:\/\/api.w.org\/{rel}","templated":true}]}}